{"id":1063,"date":"2024-06-05T07:15:06","date_gmt":"2024-06-05T07:15:06","guid":{"rendered":"https:\/\/acecordoba.com\/?page_id=1063"},"modified":"2024-06-05T07:16:33","modified_gmt":"2024-06-05T07:16:33","slug":"elementor-1063","status":"publish","type":"page","link":"https:\/\/acecordoba.com\/?page_id=1063","title":{"rendered":"P15 TROPICAL"},"content":{"rendered":"\t\t<div data-elementor-type=\"wp-page\" data-elementor-id=\"1063\" class=\"elementor elementor-1063\" data-elementor-post-type=\"page\">\n\t\t\t\t\t\t<section class=\"elementor-section elementor-top-section elementor-element elementor-element-6af88c19 elementor-section-boxed elementor-section-height-default elementor-section-height-default\" data-id=\"6af88c19\" data-element_type=\"section\">\n\t\t\t\t\t\t<div class=\"elementor-container elementor-column-gap-default\">\n\t\t\t\t\t<div class=\"elementor-column elementor-col-50 elementor-top-column elementor-element elementor-element-483113b1\" data-id=\"483113b1\" data-element_type=\"column\">\n\t\t\t<div class=\"elementor-widget-wrap elementor-element-populated\">\n\t\t\t\t\t\t<div class=\"elementor-element elementor-element-6eb02f49 elementor-widget elementor-widget-image\" data-id=\"6eb02f49\" data-element_type=\"widget\" data-widget_type=\"image.default\">\n\t\t\t\t<div class=\"elementor-widget-container\">\n\t\t\t\t\t\t\t\t\t\t\t\t<figure class=\"wp-caption\">\n\t\t\t\t\t\t\t\t\t\t<img fetchpriority=\"high\" decoding=\"async\" width=\"251\" height=\"300\" src=\"https:\/\/acecordoba.com\/wp-content\/uploads\/2024\/04\/P15-1K-1-251x300.png\" class=\"attachment-medium size-medium wp-image-660\" alt=\"\" srcset=\"https:\/\/acecordoba.com\/wp-content\/uploads\/2024\/04\/P15-1K-1-251x300.png 251w, https:\/\/acecordoba.com\/wp-content\/uploads\/2024\/04\/P15-1K-1-768x920.png 768w, https:\/\/acecordoba.com\/wp-content\/uploads\/2024\/04\/P15-1K-1-600x719.png 600w, https:\/\/acecordoba.com\/wp-content\/uploads\/2024\/04\/P15-1K-1.png 800w\" sizes=\"(max-width: 251px) 100vw, 251px\" \/>\t\t\t\t\t\t\t\t\t\t\t<figcaption class=\"widget-image-caption wp-caption-text\">P15 TROPICAL<\/figcaption>\n\t\t\t\t\t\t\t\t\t\t<\/figure>\n\t\t\t\t\t\t\t\t\t<\/div>\n\t\t\t\t<\/div>\n\t\t\t\t<div class=\"elementor-element elementor-element-76cc2fe2 elementor-icon-list--layout-inline elementor-list-item-link-inline animated-slow e-transform e-transform e-transform elementor-invisible elementor-widget elementor-widget-icon-list\" data-id=\"76cc2fe2\" data-element_type=\"widget\" data-settings=\"{&quot;_animation&quot;:&quot;wobble&quot;,&quot;_animation_delay&quot;:100,&quot;_transform_translateX_effect&quot;:{&quot;unit&quot;:&quot;px&quot;,&quot;size&quot;:&quot;&quot;,&quot;sizes&quot;:[]},&quot;_transform_translateX_effect_tablet&quot;:{&quot;unit&quot;:&quot;px&quot;,&quot;size&quot;:&quot;&quot;,&quot;sizes&quot;:[]},&quot;_transform_translateX_effect_mobile&quot;:{&quot;unit&quot;:&quot;px&quot;,&quot;size&quot;:&quot;&quot;,&quot;sizes&quot;:[]},&quot;_transform_translateY_effect&quot;:{&quot;unit&quot;:&quot;px&quot;,&quot;size&quot;:&quot;&quot;,&quot;sizes&quot;:[]},&quot;_transform_translateY_effect_tablet&quot;:{&quot;unit&quot;:&quot;px&quot;,&quot;size&quot;:&quot;&quot;,&quot;sizes&quot;:[]},&quot;_transform_translateY_effect_mobile&quot;:{&quot;unit&quot;:&quot;px&quot;,&quot;size&quot;:&quot;&quot;,&quot;sizes&quot;:[]},&quot;_transform_scale_effect&quot;:{&quot;unit&quot;:&quot;px&quot;,&quot;size&quot;:&quot;&quot;,&quot;sizes&quot;:[]},&quot;_transform_scale_effect_tablet&quot;:{&quot;unit&quot;:&quot;px&quot;,&quot;size&quot;:&quot;&quot;,&quot;sizes&quot;:[]},&quot;_transform_scale_effect_mobile&quot;:{&quot;unit&quot;:&quot;px&quot;,&quot;size&quot;:&quot;&quot;,&quot;sizes&quot;:[]},&quot;_transform_skewX_effect&quot;:{&quot;unit&quot;:&quot;px&quot;,&quot;size&quot;:&quot;&quot;,&quot;sizes&quot;:[]},&quot;_transform_skewX_effect_tablet&quot;:{&quot;unit&quot;:&quot;deg&quot;,&quot;size&quot;:&quot;&quot;,&quot;sizes&quot;:[]},&quot;_transform_skewX_effect_mobile&quot;:{&quot;unit&quot;:&quot;deg&quot;,&quot;size&quot;:&quot;&quot;,&quot;sizes&quot;:[]},&quot;_transform_skewY_effect&quot;:{&quot;unit&quot;:&quot;px&quot;,&quot;size&quot;:&quot;&quot;,&quot;sizes&quot;:[]},&quot;_transform_skewY_effect_tablet&quot;:{&quot;unit&quot;:&quot;deg&quot;,&quot;size&quot;:&quot;&quot;,&quot;sizes&quot;:[]},&quot;_transform_skewY_effect_mobile&quot;:{&quot;unit&quot;:&quot;deg&quot;,&quot;size&quot;:&quot;&quot;,&quot;sizes&quot;:[]}}\" data-widget_type=\"icon-list.default\">\n\t\t\t\t<div class=\"elementor-widget-container\">\n\t\t\t\t\t\t\t<ul class=\"elementor-icon-list-items elementor-inline-items\">\n\t\t\t\t\t\t\t<li class=\"elementor-icon-list-item elementor-inline-item\">\n\t\t\t\t\t\t\t\t\t\t\t<span class=\"elementor-icon-list-icon\">\n\t\t\t\t\t\t\t<i aria-hidden=\"true\" class=\"fas fa-circle\"><\/i>\t\t\t\t\t\t<\/span>\n\t\t\t\t\t\t\t\t\t\t<span class=\"elementor-icon-list-text\">PRECIO<\/span>\n\t\t\t\t\t\t\t\t\t<\/li>\n\t\t\t\t\t\t\t\t<li class=\"elementor-icon-list-item elementor-inline-item\">\n\t\t\t\t\t\t\t\t\t\t\t<span class=\"elementor-icon-list-icon\">\n\t\t\t\t\t\t\t<i aria-hidden=\"true\" class=\"fas fa-check\"><\/i>\t\t\t\t\t\t<\/span>\n\t\t\t\t\t\t\t\t\t\t<span class=\"elementor-icon-list-text\">1 kg - 9.25\u20ac<\/span>\n\t\t\t\t\t\t\t\t\t<\/li>\n\t\t\t\t\t\t\t\t<li class=\"elementor-icon-list-item elementor-inline-item\">\n\t\t\t\t\t\t\t\t\t\t\t<span class=\"elementor-icon-list-icon\">\n\t\t\t\t\t\t\t<i aria-hidden=\"true\" class=\"fas fa-check\"><\/i>\t\t\t\t\t\t<\/span>\n\t\t\t\t\t\t\t\t\t\t<span class=\"elementor-icon-list-text\">3 kg - 22\u20ac<\/span>\n\t\t\t\t\t\t\t\t\t<\/li>\n\t\t\t\t\t\t\t\t<li class=\"elementor-icon-list-item elementor-inline-item\">\n\t\t\t\t\t\t\t\t\t\t\t<span class=\"elementor-icon-list-icon\">\n\t\t\t\t\t\t\t<i aria-hidden=\"true\" class=\"fas fa-check\"><\/i>\t\t\t\t\t\t<\/span>\n\t\t\t\t\t\t\t\t\t\t<span class=\"elementor-icon-list-text\">10 kg - 49<\/span>\n\t\t\t\t\t\t\t\t\t<\/li>\n\t\t\t\t\t\t<\/ul>\n\t\t\t\t\t\t<\/div>\n\t\t\t\t<\/div>\n\t\t\t\t<section class=\"elementor-section elementor-inner-section elementor-element elementor-element-555e3371 elementor-section-boxed elementor-section-height-default elementor-section-height-default\" data-id=\"555e3371\" data-element_type=\"section\">\n\t\t\t\t\t\t<div class=\"elementor-container elementor-column-gap-default\">\n\t\t\t\t\t<div class=\"elementor-column elementor-col-100 elementor-inner-column elementor-element elementor-element-829410f\" data-id=\"829410f\" data-element_type=\"column\">\n\t\t\t<div class=\"elementor-widget-wrap elementor-element-populated\">\n\t\t\t\t\t\t<div class=\"elementor-element elementor-element-7c5f1224 gallery-spacing-custom elementor-widget__width-initial elementor-widget elementor-widget-image-gallery\" data-id=\"7c5f1224\" data-element_type=\"widget\" data-widget_type=\"image-gallery.default\">\n\t\t\t\t<div class=\"elementor-widget-container\">\n\t\t\t\t\t\t\t<div class=\"elementor-image-gallery\">\n\t\t\t<div id='gallery-1' class='gallery galleryid-1063 gallery-columns-3 gallery-size-large'><figure class='gallery-item'>\n\t\t\t<div class='gallery-icon portrait'>\n\t\t\t\t<a data-elementor-open-lightbox=\"yes\" data-elementor-lightbox-slideshow=\"7c5f1224\" data-elementor-lightbox-title=\"P15 1K\" data-e-action-hash=\"#elementor-action%3Aaction%3Dlightbox%26settings%3DeyJpZCI6NjYwLCJ1cmwiOiJodHRwczpcL1wvYWNlY29yZG9iYS5jb21cL3dwLWNvbnRlbnRcL3VwbG9hZHNcLzIwMjRcLzA0XC9QMTUtMUstMS5wbmciLCJzbGlkZXNob3ciOiI3YzVmMTIyNCJ9\" href='https:\/\/acecordoba.com\/wp-content\/uploads\/2024\/04\/P15-1K-1.png'><img decoding=\"async\" width=\"800\" height=\"958\" src=\"https:\/\/acecordoba.com\/wp-content\/uploads\/2024\/04\/P15-1K-1.png\" class=\"attachment-large size-large\" alt=\"\" srcset=\"https:\/\/acecordoba.com\/wp-content\/uploads\/2024\/04\/P15-1K-1.png 800w, https:\/\/acecordoba.com\/wp-content\/uploads\/2024\/04\/P15-1K-1-251x300.png 251w, https:\/\/acecordoba.com\/wp-content\/uploads\/2024\/04\/P15-1K-1-768x920.png 768w, https:\/\/acecordoba.com\/wp-content\/uploads\/2024\/04\/P15-1K-1-600x719.png 600w\" sizes=\"(max-width: 800px) 100vw, 800px\" \/><\/a>\n\t\t\t<\/div><\/figure><figure class='gallery-item'>\n\t\t\t<div class='gallery-icon portrait'>\n\t\t\t\t<a data-elementor-open-lightbox=\"yes\" data-elementor-lightbox-slideshow=\"7c5f1224\" data-elementor-lightbox-title=\"P15 3-10K\" data-e-action-hash=\"#elementor-action%3Aaction%3Dlightbox%26settings%3DeyJpZCI6MTA2NSwidXJsIjoiaHR0cHM6XC9cL2FjZWNvcmRvYmEuY29tXC93cC1jb250ZW50XC91cGxvYWRzXC8yMDI0XC8wNlwvUDE1LTMtMTBLLTEucG5nIiwic2xpZGVzaG93IjoiN2M1ZjEyMjQifQ%3D%3D\" href='https:\/\/acecordoba.com\/wp-content\/uploads\/2024\/06\/P15-3-10K-1.png'><img decoding=\"async\" width=\"800\" height=\"958\" src=\"https:\/\/acecordoba.com\/wp-content\/uploads\/2024\/06\/P15-3-10K-1.png\" class=\"attachment-large size-large\" alt=\"\" srcset=\"https:\/\/acecordoba.com\/wp-content\/uploads\/2024\/06\/P15-3-10K-1.png 800w, https:\/\/acecordoba.com\/wp-content\/uploads\/2024\/06\/P15-3-10K-1-251x300.png 251w, https:\/\/acecordoba.com\/wp-content\/uploads\/2024\/06\/P15-3-10K-1-768x920.png 768w, https:\/\/acecordoba.com\/wp-content\/uploads\/2024\/06\/P15-3-10K-1-600x719.png 600w\" sizes=\"(max-width: 800px) 100vw, 800px\" \/><\/a>\n\t\t\t<\/div><\/figure><figure class='gallery-item'>\n\t\t\t<div class='gallery-icon portrait'>\n\t\t\t\t<a data-elementor-open-lightbox=\"yes\" data-elementor-lightbox-slideshow=\"7c5f1224\" data-elementor-lightbox-title=\"P15 TROPICAL\" data-e-action-hash=\"#elementor-action%3Aaction%3Dlightbox%26settings%3DeyJpZCI6MTA2NiwidXJsIjoiaHR0cHM6XC9cL2FjZWNvcmRvYmEuY29tXC93cC1jb250ZW50XC91cGxvYWRzXC8yMDI0XC8wNlwvUDE1LVRST1BJQ0FMLnBuZyIsInNsaWRlc2hvdyI6IjdjNWYxMjI0In0%3D\" href='https:\/\/acecordoba.com\/wp-content\/uploads\/2024\/06\/P15-TROPICAL.png'><img loading=\"lazy\" decoding=\"async\" width=\"800\" height=\"958\" src=\"https:\/\/acecordoba.com\/wp-content\/uploads\/2024\/06\/P15-TROPICAL.png\" class=\"attachment-large size-large\" alt=\"\" srcset=\"https:\/\/acecordoba.com\/wp-content\/uploads\/2024\/06\/P15-TROPICAL.png 800w, https:\/\/acecordoba.com\/wp-content\/uploads\/2024\/06\/P15-TROPICAL-251x300.png 251w, https:\/\/acecordoba.com\/wp-content\/uploads\/2024\/06\/P15-TROPICAL-768x920.png 768w, https:\/\/acecordoba.com\/wp-content\/uploads\/2024\/06\/P15-TROPICAL-600x719.png 600w\" sizes=\"(max-width: 800px) 100vw, 800px\" \/><\/a>\n\t\t\t<\/div><\/figure>\n\t\t<\/div>\n\t\t<\/div>\n\t\t\t\t\t\t<\/div>\n\t\t\t\t<\/div>\n\t\t\t\t\t<\/div>\n\t\t<\/div>\n\t\t\t\t\t<\/div>\n\t\t<\/section>\n\t\t\t\t\t<\/div>\n\t\t<\/div>\n\t\t\t\t<div class=\"elementor-column elementor-col-50 elementor-top-column elementor-element elementor-element-50fce8de\" data-id=\"50fce8de\" data-element_type=\"column\">\n\t\t\t<div class=\"elementor-widget-wrap elementor-element-populated\">\n\t\t\t\t\t\t<div class=\"elementor-element elementor-element-4e2a2d39 elementor-widget elementor-widget-text-editor\" data-id=\"4e2a2d39\" data-element_type=\"widget\" data-widget_type=\"text-editor.default\">\n\t\t\t\t<div class=\"elementor-widget-container\">\n\t\t\t\t\t\t\t\t\t<p>\u00a0<\/p><p>\u00a0<\/p><p><span style=\"color: #000000;\"><b>Pellets extruidos &#8211; Alimento de mantenimiento para loros &#8211; multicolor<\/b><\/span><\/p><p><span style=\"color: #000000;\">Composici\u00f3n cient\u00edficamente aprobada con todos los nutrientes que sus aves necesitan. Completamente consumible, evita el comportamiento alimentario selectivo.<\/span><\/p><p>\u00a0<\/p><ul><li><span style=\"color: #000000;\">A base de cereales seleccionados, fruta y cacahuetes.<\/span><\/li><li><span style=\"color: #000000;\">Apoya la flora intestinal y protege contra los problemas intestinales.<\/span><\/li><li><span style=\"color: #000000;\">Recomendado por los veterinarios y utilizado en todo el mundo por los parques ornitol\u00f3gicos y los mejores criadores.<\/span><\/li><\/ul>\t\t\t\t\t\t\t\t<\/div>\n\t\t\t\t<\/div>\n\t\t\t\t\t<\/div>\n\t\t<\/div>\n\t\t\t\t\t<\/div>\n\t\t<\/section>\n\t\t\t\t<section class=\"elementor-section elementor-top-section elementor-element elementor-element-5eedfa8e elementor-section-full_width elementor-section-height-default elementor-section-height-default\" data-id=\"5eedfa8e\" data-element_type=\"section\">\n\t\t\t\t\t\t<div class=\"elementor-container elementor-column-gap-default\">\n\t\t\t\t\t<div class=\"elementor-column elementor-col-100 elementor-top-column elementor-element elementor-element-7ca4b14e\" data-id=\"7ca4b14e\" data-element_type=\"column\">\n\t\t\t<div class=\"elementor-widget-wrap elementor-element-populated\">\n\t\t\t\t\t\t<section class=\"elementor-section elementor-inner-section elementor-element elementor-element-5779953c elementor-section-boxed elementor-section-height-default elementor-section-height-default\" data-id=\"5779953c\" data-element_type=\"section\">\n\t\t\t\t\t\t<div class=\"elementor-container elementor-column-gap-default\">\n\t\t\t\t\t<div class=\"elementor-column elementor-col-50 elementor-inner-column elementor-element elementor-element-3b8dfc\" data-id=\"3b8dfc\" data-element_type=\"column\">\n\t\t\t<div class=\"elementor-widget-wrap elementor-element-populated\">\n\t\t\t\t\t\t<div class=\"elementor-element elementor-element-7bae38f2 elementor-widget elementor-widget-text-editor\" data-id=\"7bae38f2\" data-element_type=\"widget\" data-widget_type=\"text-editor.default\">\n\t\t\t\t<div class=\"elementor-widget-container\">\n\t\t\t\t\t\t\t\t\t<div class=\"row\"><div class=\"col-12\"><div class=\"rich-text\"><h3><span style=\"color: #000000;\">COMPOSICI\u00d3N<\/span><\/h3><p><span style=\"color: #000000;\">cereales, nueces (cacahuetes sin c\u00e1scara 10%), subproductos de origen vegetal, hortalizas, semillas (5%), sustancias minerales, aceites y grasas, frutas (manzana 5%*), az\u00facares, MOS, yuca<\/span><br \/><span style=\"color: #000000;\">*frutas y verduras deshidratadas, % equivalente antes de secar<\/span><\/p><\/div><\/div><\/div><div class=\"row\"><div class=\"col-12\"><div class=\"rich-text\"><h3><span style=\"color: #000000;\">COMPONENTES ANAL\u00cdTICOS<\/span><\/h3><p><span style=\"color: #000000;\">prote\u00edna 15%, contenido de grasa 16%, fibra bruta 3%, ceniza bruta 7%, calcio 0,9%, f\u00f3sforo 0,6%, metionina 0,35%, lisina 0,8%, treonina 0,5%, tript\u00f3fano 0,15%, cistina 0,25%<\/span><\/p><\/div><\/div><\/div><h3>\u00a0<\/h3><div class=\"row\"><div class=\"col-12\"><div class=\"rich-text\"><h4><span style=\"color: #000000;\">ADITIVOS\/KG NUTRICIONALES<\/span><\/h4><p><span style=\"color: #000000;\">vitamina A 8000 UI, vitamina D3 1650 UI, \u03b2-caroteno 4,8 mg, vitamina E 95 mg, vitamina B1 8 mg, vitamina B2 17,5 mg, D-pantotenato c\u00e1lcico 22 mg, vitamina B6 6,5 mg, vitamina B12 0,03 mg, vitamina C 55 mg, niacina 90 mg, \u00e1cido f\u00f3lico 1,65 mg, biotina 0,29 mg, cloruro de colina 770 mg, 3b202 (yodo) 2,3 mg, 3b405 (cobre) 11 mg, 3b503 (manganeso) 110 mg, 3b605 (zinc) 105 mg, 3b802 (selenio) 0,11 mg, 3b811 (selenio org\u00e1nico) 0,11 mg<\/span><\/p><\/div><\/div><\/div><div class=\"row\"><div class=\"col-12\"><div class=\"rich-text\"><h4><span style=\"color: #000000;\">ADITIVOS TECNOL\u00d3GICOS<\/span><\/h4><p><span style=\"color: #000000;\">antioxidantes: con tocoferoles, conservantes, bentonita<\/span><\/p><\/div><\/div><\/div><div class=\"row\"><div class=\"col-12\"><div class=\"rich-text\"><h4><span style=\"color: #000000;\">CONSERVANTES ORGANOL\u00c9PTICOS<\/span><\/h4><p><span style=\"color: #000000;\">colorantes<\/span><\/p><\/div><\/div><\/div>\t\t\t\t\t\t\t\t<\/div>\n\t\t\t\t<\/div>\n\t\t\t\t\t<\/div>\n\t\t<\/div>\n\t\t\t\t<div class=\"elementor-column elementor-col-50 elementor-inner-column elementor-element elementor-element-3f0a016\" data-id=\"3f0a016\" data-element_type=\"column\">\n\t\t\t<div class=\"elementor-widget-wrap elementor-element-populated\">\n\t\t\t\t\t\t<div class=\"elementor-element elementor-element-5c207a7c elementor-widget elementor-widget-text-editor\" data-id=\"5c207a7c\" data-element_type=\"widget\" data-widget_type=\"text-editor.default\">\n\t\t\t\t<div class=\"elementor-widget-container\">\n\t\t\t\t\t\t\t\t\t<h6><span style=\"font-size: 1.5em; font-weight: bold; color: #000000;\">DISPONIBLE EN<\/span><\/h6><div class=\"rich-text\"><ul><li><span style=\"color: #000000;\">1kg\u00a0<\/span><\/li><li><span style=\"color: #000000;\">3kg\u00a0<\/span><\/li><li><span style=\"color: #000000;\">10kg\u00a0<\/span><\/li><\/ul><h3><span style=\"color: #000000;\">INSTRUCCIONES DE USO<\/span><\/h3><p><span style=\"color: #000000;\">Suministrar a discreci\u00f3n.<\/span><br \/><span style=\"color: #000000;\">Puede notar un ligero cambio de color en los pellets NutriBird. Esto tiene un impacto menor en la apariencia visual y no afecta de ninguna manera el sabor o la calidad.<\/span><\/p><\/div>\t\t\t\t\t\t\t\t<\/div>\n\t\t\t\t<\/div>\n\t\t\t\t\t<\/div>\n\t\t<\/div>\n\t\t\t\t\t<\/div>\n\t\t<\/section>\n\t\t\t\t\t<\/div>\n\t\t<\/div>\n\t\t\t\t\t<\/div>\n\t\t<\/section>\n\t\t\t\t<\/div>\n\t\t","protected":false},"excerpt":{"rendered":"<p>P15 TROPICAL PRECIO 1 kg &#8211; 9.25\u20ac 3 kg &#8211; 22\u20ac 10 kg &#8211; 49 \u00a0 \u00a0 Pellets extruidos &#8211; Alimento de mantenimiento para loros &#8211; multicolor Composici\u00f3n cient\u00edficamente aprobada con todos los nutrientes que sus aves necesitan. Completamente consumible, evita el comportamiento alimentario selectivo. \u00a0 A base de cereales seleccionados, fruta y cacahuetes. Apoya [&hellip;]<\/p>\n","protected":false},"author":1,"featured_media":0,"parent":0,"menu_order":0,"comment_status":"closed","ping_status":"closed","template":"","meta":{"site-sidebar-layout":"no-sidebar","site-content-layout":"page-builder","ast-site-content-layout":"full-width-container","site-content-style":"default","site-sidebar-style":"default","ast-global-header-display":"","ast-banner-title-visibility":"","ast-main-header-display":"","ast-hfb-above-header-display":"","ast-hfb-below-header-display":"","ast-hfb-mobile-header-display":"","site-post-title":"disabled","ast-breadcrumbs-content":"","ast-featured-img":"disabled","footer-sml-layout":"","theme-transparent-header-meta":"","adv-header-id-meta":"","stick-header-meta":"","header-above-stick-meta":"","header-main-stick-meta":"","header-below-stick-meta":"","astra-migrate-meta-layouts":"set","ast-page-background-enabled":"default","ast-page-background-meta":{"desktop":{"background-color":"var(--ast-global-color-4)","background-image":"","background-repeat":"repeat","background-position":"center center","background-size":"auto","background-attachment":"scroll","background-type":"","background-media":"","overlay-type":"","overlay-color":"","overlay-gradient":""},"tablet":{"background-color":"","background-image":"","background-repeat":"repeat","background-position":"center center","background-size":"auto","background-attachment":"scroll","background-type":"","background-media":"","overlay-type":"","overlay-color":"","overlay-gradient":""},"mobile":{"background-color":"","background-image":"","background-repeat":"repeat","background-position":"center center","background-size":"auto","background-attachment":"scroll","background-type":"","background-media":"","overlay-type":"","overlay-color":"","overlay-gradient":""}},"ast-content-background-meta":{"desktop":{"background-color":"var(--ast-global-color-5)","background-image":"","background-repeat":"repeat","background-position":"center center","background-size":"auto","background-attachment":"scroll","background-type":"","background-media":"","overlay-type":"","overlay-color":"","overlay-gradient":""},"tablet":{"background-color":"var(--ast-global-color-5)","background-image":"","background-repeat":"repeat","background-position":"center center","background-size":"auto","background-attachment":"scroll","background-type":"","background-media":"","overlay-type":"","overlay-color":"","overlay-gradient":""},"mobile":{"background-color":"var(--ast-global-color-5)","background-image":"","background-repeat":"repeat","background-position":"center center","background-size":"auto","background-attachment":"scroll","background-type":"","background-media":"","overlay-type":"","overlay-color":"","overlay-gradient":""}},"_joinchat":[],"footnotes":""},"class_list":["post-1063","page","type-page","status-publish","hentry"],"_links":{"self":[{"href":"https:\/\/acecordoba.com\/index.php?rest_route=\/wp\/v2\/pages\/1063","targetHints":{"allow":["GET"]}}],"collection":[{"href":"https:\/\/acecordoba.com\/index.php?rest_route=\/wp\/v2\/pages"}],"about":[{"href":"https:\/\/acecordoba.com\/index.php?rest_route=\/wp\/v2\/types\/page"}],"author":[{"embeddable":true,"href":"https:\/\/acecordoba.com\/index.php?rest_route=\/wp\/v2\/users\/1"}],"replies":[{"embeddable":true,"href":"https:\/\/acecordoba.com\/index.php?rest_route=%2Fwp%2Fv2%2Fcomments&post=1063"}],"version-history":[{"count":5,"href":"https:\/\/acecordoba.com\/index.php?rest_route=\/wp\/v2\/pages\/1063\/revisions"}],"predecessor-version":[{"id":1070,"href":"https:\/\/acecordoba.com\/index.php?rest_route=\/wp\/v2\/pages\/1063\/revisions\/1070"}],"wp:attachment":[{"href":"https:\/\/acecordoba.com\/index.php?rest_route=%2Fwp%2Fv2%2Fmedia&parent=1063"}],"curies":[{"name":"wp","href":"https:\/\/api.w.org\/{rel}","templated":true}]}}