{"id":1108,"date":"2024-06-05T07:48:50","date_gmt":"2024-06-05T07:48:50","guid":{"rendered":"https:\/\/acecordoba.com\/?page_id=1108"},"modified":"2024-06-05T07:51:30","modified_gmt":"2024-06-05T07:51:30","slug":"elementor-1108","status":"publish","type":"page","link":"https:\/\/acecordoba.com\/?page_id=1108","title":{"rendered":"FERTI-VIT"},"content":{"rendered":"\t\t<div data-elementor-type=\"wp-page\" data-elementor-id=\"1108\" class=\"elementor elementor-1108\" data-elementor-post-type=\"page\">\n\t\t\t\t\t\t<section class=\"elementor-section elementor-top-section elementor-element elementor-element-4a9667cf elementor-section-boxed elementor-section-height-default elementor-section-height-default\" data-id=\"4a9667cf\" data-element_type=\"section\">\n\t\t\t\t\t\t<div class=\"elementor-container elementor-column-gap-default\">\n\t\t\t\t\t<div class=\"elementor-column elementor-col-50 elementor-top-column elementor-element elementor-element-7b612b22\" data-id=\"7b612b22\" data-element_type=\"column\">\n\t\t\t<div class=\"elementor-widget-wrap elementor-element-populated\">\n\t\t\t\t\t\t<div class=\"elementor-element elementor-element-3c7b39e8 elementor-widget elementor-widget-image\" data-id=\"3c7b39e8\" data-element_type=\"widget\" data-widget_type=\"image.default\">\n\t\t\t\t<div class=\"elementor-widget-container\">\n\t\t\t\t\t\t\t\t\t\t\t\t<figure class=\"wp-caption\">\n\t\t\t\t\t\t\t\t\t\t<img fetchpriority=\"high\" decoding=\"async\" width=\"251\" height=\"300\" src=\"https:\/\/acecordoba.com\/wp-content\/uploads\/2024\/04\/FERTI-VIT-25G-251x300.png\" class=\"attachment-medium size-medium wp-image-664\" alt=\"\" srcset=\"https:\/\/acecordoba.com\/wp-content\/uploads\/2024\/04\/FERTI-VIT-25G-251x300.png 251w, https:\/\/acecordoba.com\/wp-content\/uploads\/2024\/04\/FERTI-VIT-25G.png 334w\" sizes=\"(max-width: 251px) 100vw, 251px\" \/>\t\t\t\t\t\t\t\t\t\t\t<figcaption class=\"widget-image-caption wp-caption-text\">FERTI-VIT<\/figcaption>\n\t\t\t\t\t\t\t\t\t\t<\/figure>\n\t\t\t\t\t\t\t\t\t<\/div>\n\t\t\t\t<\/div>\n\t\t\t\t<div class=\"elementor-element elementor-element-328d355c elementor-icon-list--layout-inline elementor-list-item-link-inline animated-slow e-transform e-transform e-transform elementor-invisible elementor-widget elementor-widget-icon-list\" data-id=\"328d355c\" data-element_type=\"widget\" data-settings=\"{&quot;_animation&quot;:&quot;wobble&quot;,&quot;_animation_delay&quot;:100,&quot;_transform_translateX_effect&quot;:{&quot;unit&quot;:&quot;px&quot;,&quot;size&quot;:&quot;&quot;,&quot;sizes&quot;:[]},&quot;_transform_translateX_effect_tablet&quot;:{&quot;unit&quot;:&quot;px&quot;,&quot;size&quot;:&quot;&quot;,&quot;sizes&quot;:[]},&quot;_transform_translateX_effect_mobile&quot;:{&quot;unit&quot;:&quot;px&quot;,&quot;size&quot;:&quot;&quot;,&quot;sizes&quot;:[]},&quot;_transform_translateY_effect&quot;:{&quot;unit&quot;:&quot;px&quot;,&quot;size&quot;:&quot;&quot;,&quot;sizes&quot;:[]},&quot;_transform_translateY_effect_tablet&quot;:{&quot;unit&quot;:&quot;px&quot;,&quot;size&quot;:&quot;&quot;,&quot;sizes&quot;:[]},&quot;_transform_translateY_effect_mobile&quot;:{&quot;unit&quot;:&quot;px&quot;,&quot;size&quot;:&quot;&quot;,&quot;sizes&quot;:[]},&quot;_transform_scale_effect&quot;:{&quot;unit&quot;:&quot;px&quot;,&quot;size&quot;:&quot;&quot;,&quot;sizes&quot;:[]},&quot;_transform_scale_effect_tablet&quot;:{&quot;unit&quot;:&quot;px&quot;,&quot;size&quot;:&quot;&quot;,&quot;sizes&quot;:[]},&quot;_transform_scale_effect_mobile&quot;:{&quot;unit&quot;:&quot;px&quot;,&quot;size&quot;:&quot;&quot;,&quot;sizes&quot;:[]},&quot;_transform_skewX_effect&quot;:{&quot;unit&quot;:&quot;px&quot;,&quot;size&quot;:&quot;&quot;,&quot;sizes&quot;:[]},&quot;_transform_skewX_effect_tablet&quot;:{&quot;unit&quot;:&quot;deg&quot;,&quot;size&quot;:&quot;&quot;,&quot;sizes&quot;:[]},&quot;_transform_skewX_effect_mobile&quot;:{&quot;unit&quot;:&quot;deg&quot;,&quot;size&quot;:&quot;&quot;,&quot;sizes&quot;:[]},&quot;_transform_skewY_effect&quot;:{&quot;unit&quot;:&quot;px&quot;,&quot;size&quot;:&quot;&quot;,&quot;sizes&quot;:[]},&quot;_transform_skewY_effect_tablet&quot;:{&quot;unit&quot;:&quot;deg&quot;,&quot;size&quot;:&quot;&quot;,&quot;sizes&quot;:[]},&quot;_transform_skewY_effect_mobile&quot;:{&quot;unit&quot;:&quot;deg&quot;,&quot;size&quot;:&quot;&quot;,&quot;sizes&quot;:[]}}\" data-widget_type=\"icon-list.default\">\n\t\t\t\t<div class=\"elementor-widget-container\">\n\t\t\t\t\t\t\t<ul class=\"elementor-icon-list-items elementor-inline-items\">\n\t\t\t\t\t\t\t<li class=\"elementor-icon-list-item elementor-inline-item\">\n\t\t\t\t\t\t\t\t\t\t\t<span class=\"elementor-icon-list-icon\">\n\t\t\t\t\t\t\t<i aria-hidden=\"true\" class=\"fas fa-circle\"><\/i>\t\t\t\t\t\t<\/span>\n\t\t\t\t\t\t\t\t\t\t<span class=\"elementor-icon-list-text\">PRECIO<\/span>\n\t\t\t\t\t\t\t\t\t<\/li>\n\t\t\t\t\t\t\t\t<li class=\"elementor-icon-list-item elementor-inline-item\">\n\t\t\t\t\t\t\t\t\t\t\t<span class=\"elementor-icon-list-icon\">\n\t\t\t\t\t\t\t<i aria-hidden=\"true\" class=\"fas fa-check\"><\/i>\t\t\t\t\t\t<\/span>\n\t\t\t\t\t\t\t\t\t\t<span class=\"elementor-icon-list-text\">25g - 5.50\u20ac<\/span>\n\t\t\t\t\t\t\t\t\t<\/li>\n\t\t\t\t\t\t\t\t<li class=\"elementor-icon-list-item elementor-inline-item\">\n\t\t\t\t\t\t\t\t\t\t\t<span class=\"elementor-icon-list-icon\">\n\t\t\t\t\t\t\t<i aria-hidden=\"true\" class=\"fas fa-check\"><\/i>\t\t\t\t\t\t<\/span>\n\t\t\t\t\t\t\t\t\t\t<span class=\"elementor-icon-list-text\">200g - 12.50\u20ac<\/span>\n\t\t\t\t\t\t\t\t\t<\/li>\n\t\t\t\t\t\t<\/ul>\n\t\t\t\t\t\t<\/div>\n\t\t\t\t<\/div>\n\t\t\t\t<section class=\"elementor-section elementor-inner-section elementor-element elementor-element-2bc8da2d elementor-section-boxed elementor-section-height-default elementor-section-height-default\" data-id=\"2bc8da2d\" data-element_type=\"section\">\n\t\t\t\t\t\t<div class=\"elementor-container elementor-column-gap-default\">\n\t\t\t\t\t<div class=\"elementor-column elementor-col-100 elementor-inner-column elementor-element elementor-element-79848ef9\" data-id=\"79848ef9\" data-element_type=\"column\">\n\t\t\t<div class=\"elementor-widget-wrap elementor-element-populated\">\n\t\t\t\t\t\t<div class=\"elementor-element elementor-element-a4a0331 gallery-spacing-custom elementor-widget__width-initial elementor-widget elementor-widget-image-gallery\" data-id=\"a4a0331\" data-element_type=\"widget\" data-widget_type=\"image-gallery.default\">\n\t\t\t\t<div class=\"elementor-widget-container\">\n\t\t\t\t\t\t\t<div class=\"elementor-image-gallery\">\n\t\t\t<div id='gallery-1' class='gallery galleryid-1108 gallery-columns-3 gallery-size-large'><figure class='gallery-item'>\n\t\t\t<div class='gallery-icon portrait'>\n\t\t\t\t<a data-elementor-open-lightbox=\"yes\" data-elementor-lightbox-slideshow=\"a4a0331\" data-elementor-lightbox-title=\"FERTI-VIT 25G\" data-e-action-hash=\"#elementor-action%3Aaction%3Dlightbox%26settings%3DeyJpZCI6NjY0LCJ1cmwiOiJodHRwczpcL1wvYWNlY29yZG9iYS5jb21cL3dwLWNvbnRlbnRcL3VwbG9hZHNcLzIwMjRcLzA0XC9GRVJUSS1WSVQtMjVHLnBuZyIsInNsaWRlc2hvdyI6ImE0YTAzMzEifQ%3D%3D\" href='https:\/\/acecordoba.com\/wp-content\/uploads\/2024\/04\/FERTI-VIT-25G.png'><img decoding=\"async\" width=\"334\" height=\"400\" src=\"https:\/\/acecordoba.com\/wp-content\/uploads\/2024\/04\/FERTI-VIT-25G.png\" class=\"attachment-large size-large\" alt=\"\" srcset=\"https:\/\/acecordoba.com\/wp-content\/uploads\/2024\/04\/FERTI-VIT-25G.png 334w, https:\/\/acecordoba.com\/wp-content\/uploads\/2024\/04\/FERTI-VIT-25G-251x300.png 251w\" sizes=\"(max-width: 334px) 100vw, 334px\" \/><\/a>\n\t\t\t<\/div><\/figure><figure class='gallery-item'>\n\t\t\t<div class='gallery-icon portrait'>\n\t\t\t\t<a data-elementor-open-lightbox=\"yes\" data-elementor-lightbox-slideshow=\"a4a0331\" data-elementor-lightbox-title=\"FERTI-VIT 200G\" data-e-action-hash=\"#elementor-action%3Aaction%3Dlightbox%26settings%3DeyJpZCI6MTExNCwidXJsIjoiaHR0cHM6XC9cL2FjZWNvcmRvYmEuY29tXC93cC1jb250ZW50XC91cGxvYWRzXC8yMDI0XC8wNlwvRkVSVEktVklULTIwMEcucG5nIiwic2xpZGVzaG93IjoiYTRhMDMzMSJ9\" href='https:\/\/acecordoba.com\/wp-content\/uploads\/2024\/06\/FERTI-VIT-200G.png'><img decoding=\"async\" width=\"800\" height=\"958\" src=\"https:\/\/acecordoba.com\/wp-content\/uploads\/2024\/06\/FERTI-VIT-200G.png\" class=\"attachment-large size-large\" alt=\"\" srcset=\"https:\/\/acecordoba.com\/wp-content\/uploads\/2024\/06\/FERTI-VIT-200G.png 800w, https:\/\/acecordoba.com\/wp-content\/uploads\/2024\/06\/FERTI-VIT-200G-251x300.png 251w, https:\/\/acecordoba.com\/wp-content\/uploads\/2024\/06\/FERTI-VIT-200G-768x920.png 768w, https:\/\/acecordoba.com\/wp-content\/uploads\/2024\/06\/FERTI-VIT-200G-600x719.png 600w\" sizes=\"(max-width: 800px) 100vw, 800px\" \/><\/a>\n\t\t\t<\/div><\/figure>\n\t\t<\/div>\n\t\t<\/div>\n\t\t\t\t\t\t<\/div>\n\t\t\t\t<\/div>\n\t\t\t\t\t<\/div>\n\t\t<\/div>\n\t\t\t\t\t<\/div>\n\t\t<\/section>\n\t\t\t\t\t<\/div>\n\t\t<\/div>\n\t\t\t\t<div class=\"elementor-column elementor-col-50 elementor-top-column elementor-element elementor-element-5348d2a\" data-id=\"5348d2a\" data-element_type=\"column\">\n\t\t\t<div class=\"elementor-widget-wrap elementor-element-populated\">\n\t\t\t\t\t\t<div class=\"elementor-element elementor-element-34599540 elementor-widget elementor-widget-text-editor\" data-id=\"34599540\" data-element_type=\"widget\" data-widget_type=\"text-editor.default\">\n\t\t\t\t<div class=\"elementor-widget-container\">\n\t\t\t\t\t\t\t\t\t<p>\u00a0<\/p><p><span style=\"color: #000000;\"><b>Mezcla multivitam\u00ednica para mejorar la fertilidad y la vitalidad<\/b><\/span><\/p><p><span style=\"color: #000000;\">Oropharma Ferti-Vit es una mezcla bien equilibrada de vitaminas, amino\u00e1cidos y oligoelementos, enriquecida con vitamina E. Para utilizar durante la preparaci\u00f3n de la temporada de cr\u00eda, para el canto de los canarios y pinzones y en casos de trastornos de la puesta y la fertilidad o en casos de muerte en el huevo. Ferti-Vit favorece el impulso sexual y la fertilidad. Durante la \u00e9poca de cr\u00eda, el p\u00e1jaro necesita una mezcla \u00f3ptima de vitaminas, amino\u00e1cidos y oligoelementos. La vitamina esencial E, tambi\u00e9n llamada vitamina de la fertilidad, es un potente antioxidante. La combinaci\u00f3n de los componentes de Ferti-Vit no s\u00f3lo es \u00f3ptima para la cr\u00eda, sino que tambi\u00e9n aumenta la resistencia a las enfermedades y ayuda a proteger el coraz\u00f3n y el tejido muscular.<\/span><\/p><p>\u00a0<\/p><ul><li><span style=\"color: #000000;\">Para la temporada de cr\u00eda y en casos de trastornos de la puesta o la fertilidad<\/span><\/li><li><span style=\"color: #000000;\">Promueve el impulso sexual y la fertilidad<\/span><\/li><li><span style=\"color: #000000;\">Aumenta la resistencia contra las infecciones<\/span><\/li><\/ul>\t\t\t\t\t\t\t\t<\/div>\n\t\t\t\t<\/div>\n\t\t\t\t\t<\/div>\n\t\t<\/div>\n\t\t\t\t\t<\/div>\n\t\t<\/section>\n\t\t\t\t<section class=\"elementor-section elementor-top-section elementor-element elementor-element-5289867e elementor-section-full_width elementor-section-height-default elementor-section-height-default\" data-id=\"5289867e\" data-element_type=\"section\">\n\t\t\t\t\t\t<div class=\"elementor-container elementor-column-gap-default\">\n\t\t\t\t\t<div class=\"elementor-column elementor-col-100 elementor-top-column elementor-element elementor-element-3c7e5613\" data-id=\"3c7e5613\" data-element_type=\"column\">\n\t\t\t<div class=\"elementor-widget-wrap elementor-element-populated\">\n\t\t\t\t\t\t<section class=\"elementor-section elementor-inner-section elementor-element elementor-element-14593108 elementor-section-boxed elementor-section-height-default elementor-section-height-default\" data-id=\"14593108\" data-element_type=\"section\">\n\t\t\t\t\t\t<div class=\"elementor-container elementor-column-gap-default\">\n\t\t\t\t\t<div class=\"elementor-column elementor-col-50 elementor-inner-column elementor-element elementor-element-745ba0bc\" data-id=\"745ba0bc\" data-element_type=\"column\">\n\t\t\t<div class=\"elementor-widget-wrap elementor-element-populated\">\n\t\t\t\t\t\t<div class=\"elementor-element elementor-element-3b1fe42c elementor-widget elementor-widget-text-editor\" data-id=\"3b1fe42c\" data-element_type=\"widget\" data-widget_type=\"text-editor.default\">\n\t\t\t\t<div class=\"elementor-widget-container\">\n\t\t\t\t\t\t\t\t\t<div class=\"row\"><div class=\"col-12\"><div class=\"rich-text\"><h3><span style=\"color: #000000;\">COMPOSICI\u00d3N<\/span><\/h3><p><span style=\"color: #000000;\">az\u00facares, subproductos de origen vegetal<\/span><\/p><\/div><\/div><\/div><h3>\u00a0<\/h3><div class=\"row\"><div class=\"col-12\"><div class=\"rich-text\"><h4><span style=\"color: #000000;\">ADITIVOS\/KG NUTRICIONALES<\/span><\/h4><p><span style=\"color: #000000;\">vitamina A 2750000 UI, vitamina D3 182000 UI, vitamina E 26500 mg, vitamina K3 610 mg, vitamina B1 800 mg, vitamina B2 3200 mg, D-pantotenato c\u00e1lcico 2200 mg, vitamina B6 1200 mg, vitamina B12 5 mg, vitamina C 12000 mg, niacina 16000 mg, \u00e1cido f\u00f3lico 300 mg, biotina 30 mg, L-lisina 15000 mg, DL-metionina 20000 mg, 3b103 (hierro) 2260 mg, 3b405 (cobre) 450 mg, 3b503 (manganeso) 4500 mg, 3b605 (zinc) 4070 mg, 3b202 (yodo) 90 mg, 3b811 (selenio) 18 mg<\/span><\/p><\/div><\/div><\/div><div class=\"row\"><div class=\"col-12\"><div class=\"rich-text\"><h4><span style=\"color: #000000;\">ADITIVOS TECNOL\u00d3GICOS<\/span><\/h4><p><span style=\"color: #000000;\">antioxidantes<\/span><\/p><\/div><\/div><\/div>\t\t\t\t\t\t\t\t<\/div>\n\t\t\t\t<\/div>\n\t\t\t\t\t<\/div>\n\t\t<\/div>\n\t\t\t\t<div class=\"elementor-column elementor-col-50 elementor-inner-column elementor-element elementor-element-7d09a507\" data-id=\"7d09a507\" data-element_type=\"column\">\n\t\t\t<div class=\"elementor-widget-wrap elementor-element-populated\">\n\t\t\t\t\t\t<div class=\"elementor-element elementor-element-4c980c7a elementor-widget elementor-widget-text-editor\" data-id=\"4c980c7a\" data-element_type=\"widget\" data-widget_type=\"text-editor.default\">\n\t\t\t\t<div class=\"elementor-widget-container\">\n\t\t\t\t\t\t\t\t\t<h6><span style=\"font-size: 1.5em; font-weight: bold; color: #000000;\">DISPONIBLE EN<\/span><\/h6><div class=\"rich-text\"><ul><li><span style=\"color: #000000;\">25g\u00a0<\/span><\/li><li><span style=\"color: #000000;\">200g\u00a0<\/span><\/li><\/ul><h3><span style=\"color: #000000;\">INSTRUCCIONES DE USO<\/span><\/h3><p><span style=\"color: #000000;\">1 cuchara dosificadora rasa (= 1 g) de Ferti-Vit por 250 ml de agua de bebida o por 100 g de pasta\/pasta de huevo Orlux<\/span><br \/><span style=\"color: #000000;\">&#8211; Durante la preparaci\u00f3n de la \u00e9poca de la cr\u00eda (3 a 4 semanas) hasta la puesta del primer huevo: administrar diariamente.<\/span><br \/><span style=\"color: #000000;\">&#8211; Para pinzones y otras aves de competici\u00f3n: tres veces por semana durante la temporada de concursos.<\/span><br \/><span style=\"color: #000000;\">Conservar en un lugar fresco y seco.<\/span><\/p><\/div>\t\t\t\t\t\t\t\t<\/div>\n\t\t\t\t<\/div>\n\t\t\t\t\t<\/div>\n\t\t<\/div>\n\t\t\t\t\t<\/div>\n\t\t<\/section>\n\t\t\t\t\t<\/div>\n\t\t<\/div>\n\t\t\t\t\t<\/div>\n\t\t<\/section>\n\t\t\t\t<\/div>\n\t\t","protected":false},"excerpt":{"rendered":"<p>FERTI-VIT PRECIO 25g &#8211; 5.50\u20ac 200g &#8211; 12.50\u20ac \u00a0 Mezcla multivitam\u00ednica para mejorar la fertilidad y la vitalidad Oropharma Ferti-Vit es una mezcla bien equilibrada de vitaminas, amino\u00e1cidos y oligoelementos, enriquecida con vitamina E. Para utilizar durante la preparaci\u00f3n de la temporada de cr\u00eda, para el canto de los canarios y pinzones y en casos [&hellip;]<\/p>\n","protected":false},"author":1,"featured_media":0,"parent":0,"menu_order":0,"comment_status":"closed","ping_status":"closed","template":"","meta":{"site-sidebar-layout":"no-sidebar","site-content-layout":"page-builder","ast-site-content-layout":"full-width-container","site-content-style":"default","site-sidebar-style":"default","ast-global-header-display":"","ast-banner-title-visibility":"","ast-main-header-display":"","ast-hfb-above-header-display":"","ast-hfb-below-header-display":"","ast-hfb-mobile-header-display":"","site-post-title":"disabled","ast-breadcrumbs-content":"","ast-featured-img":"disabled","footer-sml-layout":"","theme-transparent-header-meta":"","adv-header-id-meta":"","stick-header-meta":"","header-above-stick-meta":"","header-main-stick-meta":"","header-below-stick-meta":"","astra-migrate-meta-layouts":"set","ast-page-background-enabled":"default","ast-page-background-meta":{"desktop":{"background-color":"var(--ast-global-color-4)","background-image":"","background-repeat":"repeat","background-position":"center center","background-size":"auto","background-attachment":"scroll","background-type":"","background-media":"","overlay-type":"","overlay-color":"","overlay-gradient":""},"tablet":{"background-color":"","background-image":"","background-repeat":"repeat","background-position":"center center","background-size":"auto","background-attachment":"scroll","background-type":"","background-media":"","overlay-type":"","overlay-color":"","overlay-gradient":""},"mobile":{"background-color":"","background-image":"","background-repeat":"repeat","background-position":"center center","background-size":"auto","background-attachment":"scroll","background-type":"","background-media":"","overlay-type":"","overlay-color":"","overlay-gradient":""}},"ast-content-background-meta":{"desktop":{"background-color":"var(--ast-global-color-5)","background-image":"","background-repeat":"repeat","background-position":"center center","background-size":"auto","background-attachment":"scroll","background-type":"","background-media":"","overlay-type":"","overlay-color":"","overlay-gradient":""},"tablet":{"background-color":"var(--ast-global-color-5)","background-image":"","background-repeat":"repeat","background-position":"center center","background-size":"auto","background-attachment":"scroll","background-type":"","background-media":"","overlay-type":"","overlay-color":"","overlay-gradient":""},"mobile":{"background-color":"var(--ast-global-color-5)","background-image":"","background-repeat":"repeat","background-position":"center center","background-size":"auto","background-attachment":"scroll","background-type":"","background-media":"","overlay-type":"","overlay-color":"","overlay-gradient":""}},"_joinchat":[],"footnotes":""},"class_list":["post-1108","page","type-page","status-publish","hentry"],"_links":{"self":[{"href":"https:\/\/acecordoba.com\/index.php?rest_route=\/wp\/v2\/pages\/1108","targetHints":{"allow":["GET"]}}],"collection":[{"href":"https:\/\/acecordoba.com\/index.php?rest_route=\/wp\/v2\/pages"}],"about":[{"href":"https:\/\/acecordoba.com\/index.php?rest_route=\/wp\/v2\/types\/page"}],"author":[{"embeddable":true,"href":"https:\/\/acecordoba.com\/index.php?rest_route=\/wp\/v2\/users\/1"}],"replies":[{"embeddable":true,"href":"https:\/\/acecordoba.com\/index.php?rest_route=%2Fwp%2Fv2%2Fcomments&post=1108"}],"version-history":[{"count":5,"href":"https:\/\/acecordoba.com\/index.php?rest_route=\/wp\/v2\/pages\/1108\/revisions"}],"predecessor-version":[{"id":1118,"href":"https:\/\/acecordoba.com\/index.php?rest_route=\/wp\/v2\/pages\/1108\/revisions\/1118"}],"wp:attachment":[{"href":"https:\/\/acecordoba.com\/index.php?rest_route=%2Fwp%2Fv2%2Fmedia&parent=1108"}],"curies":[{"name":"wp","href":"https:\/\/api.w.org\/{rel}","templated":true}]}}