{"id":1129,"date":"2024-06-05T08:11:00","date_gmt":"2024-06-05T08:11:00","guid":{"rendered":"https:\/\/acecordoba.com\/?page_id=1129"},"modified":"2024-06-05T08:12:50","modified_gmt":"2024-06-05T08:12:50","slug":"elementor-1129","status":"publish","type":"page","link":"https:\/\/acecordoba.com\/?page_id=1129","title":{"rendered":"ORO-BATH"},"content":{"rendered":"\t\t<div data-elementor-type=\"wp-page\" data-elementor-id=\"1129\" class=\"elementor elementor-1129\" data-elementor-post-type=\"page\">\n\t\t\t\t\t\t<section class=\"elementor-section elementor-top-section elementor-element elementor-element-5ddc822d elementor-section-boxed elementor-section-height-default elementor-section-height-default\" data-id=\"5ddc822d\" data-element_type=\"section\">\n\t\t\t\t\t\t<div class=\"elementor-container elementor-column-gap-default\">\n\t\t\t\t\t<div class=\"elementor-column elementor-col-50 elementor-top-column elementor-element elementor-element-23e7767f\" data-id=\"23e7767f\" data-element_type=\"column\">\n\t\t\t<div class=\"elementor-widget-wrap elementor-element-populated\">\n\t\t\t\t\t\t<div class=\"elementor-element elementor-element-60500609 elementor-widget elementor-widget-image\" data-id=\"60500609\" data-element_type=\"widget\" data-widget_type=\"image.default\">\n\t\t\t\t<div class=\"elementor-widget-container\">\n\t\t\t\t\t\t\t\t\t\t\t\t<figure class=\"wp-caption\">\n\t\t\t\t\t\t\t\t\t\t<img fetchpriority=\"high\" decoding=\"async\" width=\"251\" height=\"300\" src=\"https:\/\/acecordoba.com\/wp-content\/uploads\/2024\/04\/ORO-BATH-50G-251x300.png\" class=\"attachment-medium size-medium wp-image-661\" alt=\"\" srcset=\"https:\/\/acecordoba.com\/wp-content\/uploads\/2024\/04\/ORO-BATH-50G-251x300.png 251w, https:\/\/acecordoba.com\/wp-content\/uploads\/2024\/04\/ORO-BATH-50G.png 334w\" sizes=\"(max-width: 251px) 100vw, 251px\" \/>\t\t\t\t\t\t\t\t\t\t\t<figcaption class=\"widget-image-caption wp-caption-text\">ORO BATH<\/figcaption>\n\t\t\t\t\t\t\t\t\t\t<\/figure>\n\t\t\t\t\t\t\t\t\t<\/div>\n\t\t\t\t<\/div>\n\t\t\t\t<div class=\"elementor-element elementor-element-43b33d00 elementor-icon-list--layout-inline elementor-list-item-link-inline animated-slow e-transform e-transform e-transform elementor-invisible elementor-widget elementor-widget-icon-list\" data-id=\"43b33d00\" data-element_type=\"widget\" data-settings=\"{&quot;_animation&quot;:&quot;wobble&quot;,&quot;_animation_delay&quot;:100,&quot;_transform_translateX_effect&quot;:{&quot;unit&quot;:&quot;px&quot;,&quot;size&quot;:&quot;&quot;,&quot;sizes&quot;:[]},&quot;_transform_translateX_effect_tablet&quot;:{&quot;unit&quot;:&quot;px&quot;,&quot;size&quot;:&quot;&quot;,&quot;sizes&quot;:[]},&quot;_transform_translateX_effect_mobile&quot;:{&quot;unit&quot;:&quot;px&quot;,&quot;size&quot;:&quot;&quot;,&quot;sizes&quot;:[]},&quot;_transform_translateY_effect&quot;:{&quot;unit&quot;:&quot;px&quot;,&quot;size&quot;:&quot;&quot;,&quot;sizes&quot;:[]},&quot;_transform_translateY_effect_tablet&quot;:{&quot;unit&quot;:&quot;px&quot;,&quot;size&quot;:&quot;&quot;,&quot;sizes&quot;:[]},&quot;_transform_translateY_effect_mobile&quot;:{&quot;unit&quot;:&quot;px&quot;,&quot;size&quot;:&quot;&quot;,&quot;sizes&quot;:[]},&quot;_transform_scale_effect&quot;:{&quot;unit&quot;:&quot;px&quot;,&quot;size&quot;:&quot;&quot;,&quot;sizes&quot;:[]},&quot;_transform_scale_effect_tablet&quot;:{&quot;unit&quot;:&quot;px&quot;,&quot;size&quot;:&quot;&quot;,&quot;sizes&quot;:[]},&quot;_transform_scale_effect_mobile&quot;:{&quot;unit&quot;:&quot;px&quot;,&quot;size&quot;:&quot;&quot;,&quot;sizes&quot;:[]},&quot;_transform_skewX_effect&quot;:{&quot;unit&quot;:&quot;px&quot;,&quot;size&quot;:&quot;&quot;,&quot;sizes&quot;:[]},&quot;_transform_skewX_effect_tablet&quot;:{&quot;unit&quot;:&quot;deg&quot;,&quot;size&quot;:&quot;&quot;,&quot;sizes&quot;:[]},&quot;_transform_skewX_effect_mobile&quot;:{&quot;unit&quot;:&quot;deg&quot;,&quot;size&quot;:&quot;&quot;,&quot;sizes&quot;:[]},&quot;_transform_skewY_effect&quot;:{&quot;unit&quot;:&quot;px&quot;,&quot;size&quot;:&quot;&quot;,&quot;sizes&quot;:[]},&quot;_transform_skewY_effect_tablet&quot;:{&quot;unit&quot;:&quot;deg&quot;,&quot;size&quot;:&quot;&quot;,&quot;sizes&quot;:[]},&quot;_transform_skewY_effect_mobile&quot;:{&quot;unit&quot;:&quot;deg&quot;,&quot;size&quot;:&quot;&quot;,&quot;sizes&quot;:[]}}\" data-widget_type=\"icon-list.default\">\n\t\t\t\t<div class=\"elementor-widget-container\">\n\t\t\t\t\t\t\t<ul class=\"elementor-icon-list-items elementor-inline-items\">\n\t\t\t\t\t\t\t<li class=\"elementor-icon-list-item elementor-inline-item\">\n\t\t\t\t\t\t\t\t\t\t\t<span class=\"elementor-icon-list-icon\">\n\t\t\t\t\t\t\t<i aria-hidden=\"true\" class=\"fas fa-circle\"><\/i>\t\t\t\t\t\t<\/span>\n\t\t\t\t\t\t\t\t\t\t<span class=\"elementor-icon-list-text\">PRECIO<\/span>\n\t\t\t\t\t\t\t\t\t<\/li>\n\t\t\t\t\t\t\t\t<li class=\"elementor-icon-list-item elementor-inline-item\">\n\t\t\t\t\t\t\t\t\t\t\t<span class=\"elementor-icon-list-icon\">\n\t\t\t\t\t\t\t<i aria-hidden=\"true\" class=\"fas fa-check\"><\/i>\t\t\t\t\t\t<\/span>\n\t\t\t\t\t\t\t\t\t\t<span class=\"elementor-icon-list-text\">50g - 6\u20ac<\/span>\n\t\t\t\t\t\t\t\t\t<\/li>\n\t\t\t\t\t\t\t\t<li class=\"elementor-icon-list-item elementor-inline-item\">\n\t\t\t\t\t\t\t\t\t\t\t<span class=\"elementor-icon-list-icon\">\n\t\t\t\t\t\t\t<i aria-hidden=\"true\" class=\"fas fa-check\"><\/i>\t\t\t\t\t\t<\/span>\n\t\t\t\t\t\t\t\t\t\t<span class=\"elementor-icon-list-text\">300g - 9.50\u20ac<\/span>\n\t\t\t\t\t\t\t\t\t<\/li>\n\t\t\t\t\t\t<\/ul>\n\t\t\t\t\t\t<\/div>\n\t\t\t\t<\/div>\n\t\t\t\t<section class=\"elementor-section elementor-inner-section elementor-element elementor-element-7de90b95 elementor-section-boxed elementor-section-height-default elementor-section-height-default\" data-id=\"7de90b95\" data-element_type=\"section\">\n\t\t\t\t\t\t<div class=\"elementor-container elementor-column-gap-default\">\n\t\t\t\t\t<div class=\"elementor-column elementor-col-100 elementor-inner-column elementor-element elementor-element-baed246\" data-id=\"baed246\" data-element_type=\"column\">\n\t\t\t<div class=\"elementor-widget-wrap elementor-element-populated\">\n\t\t\t\t\t\t<div class=\"elementor-element elementor-element-5067d407 gallery-spacing-custom elementor-widget__width-initial elementor-widget elementor-widget-image-gallery\" data-id=\"5067d407\" data-element_type=\"widget\" data-widget_type=\"image-gallery.default\">\n\t\t\t\t<div class=\"elementor-widget-container\">\n\t\t\t\t\t\t\t<div class=\"elementor-image-gallery\">\n\t\t\t<div id='gallery-1' class='gallery galleryid-1129 gallery-columns-3 gallery-size-large'><figure class='gallery-item'>\n\t\t\t<div class='gallery-icon portrait'>\n\t\t\t\t<a data-elementor-open-lightbox=\"yes\" data-elementor-lightbox-slideshow=\"5067d407\" data-elementor-lightbox-title=\"ORO BATH 50G\" data-e-action-hash=\"#elementor-action%3Aaction%3Dlightbox%26settings%3DeyJpZCI6NjYxLCJ1cmwiOiJodHRwczpcL1wvYWNlY29yZG9iYS5jb21cL3dwLWNvbnRlbnRcL3VwbG9hZHNcLzIwMjRcLzA0XC9PUk8tQkFUSC01MEcucG5nIiwic2xpZGVzaG93IjoiNTA2N2Q0MDcifQ%3D%3D\" href='https:\/\/acecordoba.com\/wp-content\/uploads\/2024\/04\/ORO-BATH-50G.png'><img decoding=\"async\" width=\"334\" height=\"400\" src=\"https:\/\/acecordoba.com\/wp-content\/uploads\/2024\/04\/ORO-BATH-50G.png\" class=\"attachment-large size-large\" alt=\"\" srcset=\"https:\/\/acecordoba.com\/wp-content\/uploads\/2024\/04\/ORO-BATH-50G.png 334w, https:\/\/acecordoba.com\/wp-content\/uploads\/2024\/04\/ORO-BATH-50G-251x300.png 251w\" sizes=\"(max-width: 334px) 100vw, 334px\" \/><\/a>\n\t\t\t<\/div><\/figure><figure class='gallery-item'>\n\t\t\t<div class='gallery-icon portrait'>\n\t\t\t\t<a data-elementor-open-lightbox=\"yes\" data-elementor-lightbox-slideshow=\"5067d407\" data-elementor-lightbox-title=\"ORO BATH 300G\" data-e-action-hash=\"#elementor-action%3Aaction%3Dlightbox%26settings%3DeyJpZCI6MTEzNCwidXJsIjoiaHR0cHM6XC9cL2FjZWNvcmRvYmEuY29tXC93cC1jb250ZW50XC91cGxvYWRzXC8yMDI0XC8wNlwvT1JPLUJBVEgtMzAwRy5wbmciLCJzbGlkZXNob3ciOiI1MDY3ZDQwNyJ9\" href='https:\/\/acecordoba.com\/wp-content\/uploads\/2024\/06\/ORO-BATH-300G.png'><img decoding=\"async\" width=\"800\" height=\"958\" src=\"https:\/\/acecordoba.com\/wp-content\/uploads\/2024\/06\/ORO-BATH-300G.png\" class=\"attachment-large size-large\" alt=\"\" srcset=\"https:\/\/acecordoba.com\/wp-content\/uploads\/2024\/06\/ORO-BATH-300G.png 800w, https:\/\/acecordoba.com\/wp-content\/uploads\/2024\/06\/ORO-BATH-300G-251x300.png 251w, https:\/\/acecordoba.com\/wp-content\/uploads\/2024\/06\/ORO-BATH-300G-768x920.png 768w, https:\/\/acecordoba.com\/wp-content\/uploads\/2024\/06\/ORO-BATH-300G-600x719.png 600w\" sizes=\"(max-width: 800px) 100vw, 800px\" \/><\/a>\n\t\t\t<\/div><\/figure>\n\t\t<\/div>\n\t\t<\/div>\n\t\t\t\t\t\t<\/div>\n\t\t\t\t<\/div>\n\t\t\t\t\t<\/div>\n\t\t<\/div>\n\t\t\t\t\t<\/div>\n\t\t<\/section>\n\t\t\t\t\t<\/div>\n\t\t<\/div>\n\t\t\t\t<div class=\"elementor-column elementor-col-50 elementor-top-column elementor-element elementor-element-43125fbb\" data-id=\"43125fbb\" data-element_type=\"column\">\n\t\t\t<div class=\"elementor-widget-wrap elementor-element-populated\">\n\t\t\t\t\t\t<div class=\"elementor-element elementor-element-6a76249 elementor-widget elementor-widget-text-editor\" data-id=\"6a76249\" data-element_type=\"widget\" data-widget_type=\"text-editor.default\">\n\t\t\t\t<div class=\"elementor-widget-container\">\n\t\t\t\t\t\t\t\t\t<p>\u00a0<\/p><p>\u00a0<\/p><p><span style=\"color: #000000;\"><b>Sal de ba\u00f1o para un plumaje brillante<\/b><\/span><\/p><p><span style=\"color: #000000;\">Oropharma Oro-Bath es un producto de cuidados con sales de ba\u00f1o especiales para un plumaje brillante. Hace que las plumas sean m\u00e1s flexibles, mantiene las patas y la piel libres de escamas y asegura unas plumas brillantes. Oro-Bath tiene una funci\u00f3n relajante en los m\u00fasculos y limpia la piel y las plumas. Todo el mundo sabe que a los p\u00e1jaros les gusta ba\u00f1arse y que adem\u00e1s lo necesitan. El ba\u00f1o regular es esencial para mantener las plumas. A\u00f1adir Oro-Bath al agua del ba\u00f1o proporciona a los p\u00e1jaros plumas flexibles y les ayuda a mantener la fuerza y la impermeabilidad del plumaje.<\/span><\/p><p>\u00a0<\/p><ul><li><span style=\"color: #000000;\">Un tratamiento beneficioso para la piel y el plumaje de las aves<\/span><\/li><li><span style=\"color: #000000;\">Relaja los m\u00fasculos y limpia suavemente la piel y las plumas<\/span><\/li><li><span style=\"color: #000000;\">Cuidados preventivos contra los \u00e1caros de las plumas<\/span><\/li><\/ul>\t\t\t\t\t\t\t\t<\/div>\n\t\t\t\t<\/div>\n\t\t\t\t\t<\/div>\n\t\t<\/div>\n\t\t\t\t\t<\/div>\n\t\t<\/section>\n\t\t\t\t<section class=\"elementor-section elementor-top-section elementor-element elementor-element-73ab0c6e elementor-section-full_width elementor-section-height-default elementor-section-height-default\" data-id=\"73ab0c6e\" data-element_type=\"section\">\n\t\t\t\t\t\t<div class=\"elementor-container elementor-column-gap-default\">\n\t\t\t\t\t<div class=\"elementor-column elementor-col-100 elementor-top-column elementor-element elementor-element-2e9f9344\" data-id=\"2e9f9344\" data-element_type=\"column\">\n\t\t\t<div class=\"elementor-widget-wrap elementor-element-populated\">\n\t\t\t\t\t\t<section class=\"elementor-section elementor-inner-section elementor-element elementor-element-5fa25b0e elementor-section-boxed elementor-section-height-default elementor-section-height-default\" data-id=\"5fa25b0e\" data-element_type=\"section\">\n\t\t\t\t\t\t<div class=\"elementor-container elementor-column-gap-default\">\n\t\t\t\t\t<div class=\"elementor-column elementor-col-50 elementor-inner-column elementor-element elementor-element-30760b79\" data-id=\"30760b79\" data-element_type=\"column\">\n\t\t\t<div class=\"elementor-widget-wrap elementor-element-populated\">\n\t\t\t\t\t\t<div class=\"elementor-element elementor-element-1b8a4bec elementor-widget elementor-widget-text-editor\" data-id=\"1b8a4bec\" data-element_type=\"widget\" data-widget_type=\"text-editor.default\">\n\t\t\t\t<div class=\"elementor-widget-container\">\n\t\t\t\t\t\t\t\t\t<h3><span style=\"color: #000000;\">COMPOSICI\u00d3N<\/span><\/h3><p><span style=\"color: #000000;\">sodium chloride, sodium bicarbonate, pinus sylvestris cone oil, CI 45350<\/span><\/p>\t\t\t\t\t\t\t\t<\/div>\n\t\t\t\t<\/div>\n\t\t\t\t\t<\/div>\n\t\t<\/div>\n\t\t\t\t<div class=\"elementor-column elementor-col-50 elementor-inner-column elementor-element elementor-element-62639aa\" data-id=\"62639aa\" data-element_type=\"column\">\n\t\t\t<div class=\"elementor-widget-wrap elementor-element-populated\">\n\t\t\t\t\t\t<div class=\"elementor-element elementor-element-1b5cee18 elementor-widget elementor-widget-text-editor\" data-id=\"1b5cee18\" data-element_type=\"widget\" data-widget_type=\"text-editor.default\">\n\t\t\t\t<div class=\"elementor-widget-container\">\n\t\t\t\t\t\t\t\t\t<h6><span style=\"font-size: 1.5em; font-weight: bold; color: #000000;\">DISPONIBLE EN<\/span><\/h6><div class=\"rich-text\"><ul><li><span style=\"color: #000000;\">50g\u00a0<\/span><\/li><li><span style=\"color: #000000;\">300g <\/span><span style=\"color: #000000;\">\u00a0<\/span><\/li><\/ul><h3><span style=\"color: #000000;\">INSTRUCCIONES DE USO<\/span><\/h3><p><span style=\"color: #000000;\">1 cuchara medidora rasa (= 1 g) por 250 ml de agua tibia de ba\u00f1o o de aspersi\u00f3n.<\/span><br \/><span style=\"color: #000000;\">La soluci\u00f3n puede ponerse en la ba\u00f1era o, con la ayuda de un pulverizador para plantas, espolvorearse sobre los p\u00e1jaros.<\/span><br \/><span style=\"color: #000000;\">Durante el invierno: 1 vez por semana<\/span><br \/><span style=\"color: #000000;\">Durante la temporada de exposiciones: 1 vez antes de enjaular, 1 vez al volver de una exposici\u00f3n y entre las exposiciones cada 2 o 3 d\u00edas.<\/span><br \/><span style=\"color: #000000;\">En los per\u00edodos restantes: 2 x a la semana<\/span><br \/><span style=\"color: #000000;\">Si se a\u00f1ade Oro-Bath al agua de ba\u00f1o, debe retirarse despu\u00e9s de un par de horas.<\/span><\/p><\/div>\t\t\t\t\t\t\t\t<\/div>\n\t\t\t\t<\/div>\n\t\t\t\t\t<\/div>\n\t\t<\/div>\n\t\t\t\t\t<\/div>\n\t\t<\/section>\n\t\t\t\t\t<\/div>\n\t\t<\/div>\n\t\t\t\t\t<\/div>\n\t\t<\/section>\n\t\t\t\t<\/div>\n\t\t","protected":false},"excerpt":{"rendered":"<p>ORO BATH PRECIO 50g &#8211; 6\u20ac 300g &#8211; 9.50\u20ac \u00a0 \u00a0 Sal de ba\u00f1o para un plumaje brillante Oropharma Oro-Bath es un producto de cuidados con sales de ba\u00f1o especiales para un plumaje brillante. Hace que las plumas sean m\u00e1s flexibles, mantiene las patas y la piel libres de escamas y asegura unas plumas brillantes. [&hellip;]<\/p>\n","protected":false},"author":1,"featured_media":0,"parent":0,"menu_order":0,"comment_status":"closed","ping_status":"closed","template":"","meta":{"site-sidebar-layout":"no-sidebar","site-content-layout":"page-builder","ast-site-content-layout":"full-width-container","site-content-style":"default","site-sidebar-style":"default","ast-global-header-display":"","ast-banner-title-visibility":"","ast-main-header-display":"","ast-hfb-above-header-display":"","ast-hfb-below-header-display":"","ast-hfb-mobile-header-display":"","site-post-title":"disabled","ast-breadcrumbs-content":"","ast-featured-img":"disabled","footer-sml-layout":"","theme-transparent-header-meta":"","adv-header-id-meta":"","stick-header-meta":"","header-above-stick-meta":"","header-main-stick-meta":"","header-below-stick-meta":"","astra-migrate-meta-layouts":"set","ast-page-background-enabled":"default","ast-page-background-meta":{"desktop":{"background-color":"var(--ast-global-color-4)","background-image":"","background-repeat":"repeat","background-position":"center center","background-size":"auto","background-attachment":"scroll","background-type":"","background-media":"","overlay-type":"","overlay-color":"","overlay-gradient":""},"tablet":{"background-color":"","background-image":"","background-repeat":"repeat","background-position":"center center","background-size":"auto","background-attachment":"scroll","background-type":"","background-media":"","overlay-type":"","overlay-color":"","overlay-gradient":""},"mobile":{"background-color":"","background-image":"","background-repeat":"repeat","background-position":"center center","background-size":"auto","background-attachment":"scroll","background-type":"","background-media":"","overlay-type":"","overlay-color":"","overlay-gradient":""}},"ast-content-background-meta":{"desktop":{"background-color":"var(--ast-global-color-5)","background-image":"","background-repeat":"repeat","background-position":"center center","background-size":"auto","background-attachment":"scroll","background-type":"","background-media":"","overlay-type":"","overlay-color":"","overlay-gradient":""},"tablet":{"background-color":"var(--ast-global-color-5)","background-image":"","background-repeat":"repeat","background-position":"center center","background-size":"auto","background-attachment":"scroll","background-type":"","background-media":"","overlay-type":"","overlay-color":"","overlay-gradient":""},"mobile":{"background-color":"var(--ast-global-color-5)","background-image":"","background-repeat":"repeat","background-position":"center center","background-size":"auto","background-attachment":"scroll","background-type":"","background-media":"","overlay-type":"","overlay-color":"","overlay-gradient":""}},"_joinchat":[],"footnotes":""},"class_list":["post-1129","page","type-page","status-publish","hentry"],"_links":{"self":[{"href":"https:\/\/acecordoba.com\/index.php?rest_route=\/wp\/v2\/pages\/1129","targetHints":{"allow":["GET"]}}],"collection":[{"href":"https:\/\/acecordoba.com\/index.php?rest_route=\/wp\/v2\/pages"}],"about":[{"href":"https:\/\/acecordoba.com\/index.php?rest_route=\/wp\/v2\/types\/page"}],"author":[{"embeddable":true,"href":"https:\/\/acecordoba.com\/index.php?rest_route=\/wp\/v2\/users\/1"}],"replies":[{"embeddable":true,"href":"https:\/\/acecordoba.com\/index.php?rest_route=%2Fwp%2Fv2%2Fcomments&post=1129"}],"version-history":[{"count":8,"href":"https:\/\/acecordoba.com\/index.php?rest_route=\/wp\/v2\/pages\/1129\/revisions"}],"predecessor-version":[{"id":1141,"href":"https:\/\/acecordoba.com\/index.php?rest_route=\/wp\/v2\/pages\/1129\/revisions\/1141"}],"wp:attachment":[{"href":"https:\/\/acecordoba.com\/index.php?rest_route=%2Fwp%2Fv2%2Fmedia&parent=1129"}],"curies":[{"name":"wp","href":"https:\/\/api.w.org\/{rel}","templated":true}]}}