{"id":1171,"date":"2024-06-05T09:00:03","date_gmt":"2024-06-05T09:00:03","guid":{"rendered":"https:\/\/acecordoba.com\/?page_id=1171"},"modified":"2024-06-05T09:08:28","modified_gmt":"2024-06-05T09:08:28","slug":"elementor-1171","status":"publish","type":"page","link":"https:\/\/acecordoba.com\/?page_id=1171","title":{"rendered":"GOLD PATEE"},"content":{"rendered":"\t\t<div data-elementor-type=\"wp-page\" data-elementor-id=\"1171\" class=\"elementor elementor-1171\" data-elementor-post-type=\"page\">\n\t\t\t\t\t\t<section class=\"elementor-section elementor-top-section elementor-element elementor-element-4811fde9 elementor-section-boxed elementor-section-height-default elementor-section-height-default\" data-id=\"4811fde9\" data-element_type=\"section\">\n\t\t\t\t\t\t<div class=\"elementor-container elementor-column-gap-default\">\n\t\t\t\t\t<div class=\"elementor-column elementor-col-50 elementor-top-column elementor-element elementor-element-58f2395c\" data-id=\"58f2395c\" data-element_type=\"column\">\n\t\t\t<div class=\"elementor-widget-wrap elementor-element-populated\">\n\t\t\t\t\t\t<div class=\"elementor-element elementor-element-c681afd elementor-widget elementor-widget-image\" data-id=\"c681afd\" data-element_type=\"widget\" data-widget_type=\"image.default\">\n\t\t\t\t<div class=\"elementor-widget-container\">\n\t\t\t\t\t\t\t\t\t\t\t\t<figure class=\"wp-caption\">\n\t\t\t\t\t\t\t\t\t\t<img fetchpriority=\"high\" decoding=\"async\" width=\"251\" height=\"300\" src=\"https:\/\/acecordoba.com\/wp-content\/uploads\/2024\/04\/GOLD-PATEE-5K-251x300.png\" class=\"attachment-medium size-medium wp-image-674\" alt=\"\" srcset=\"https:\/\/acecordoba.com\/wp-content\/uploads\/2024\/04\/GOLD-PATEE-5K-251x300.png 251w, https:\/\/acecordoba.com\/wp-content\/uploads\/2024\/04\/GOLD-PATEE-5K.png 334w\" sizes=\"(max-width: 251px) 100vw, 251px\" \/>\t\t\t\t\t\t\t\t\t\t\t<figcaption class=\"widget-image-caption wp-caption-text\">GOLD PATEE<\/figcaption>\n\t\t\t\t\t\t\t\t\t\t<\/figure>\n\t\t\t\t\t\t\t\t\t<\/div>\n\t\t\t\t<\/div>\n\t\t\t\t<div class=\"elementor-element elementor-element-11883232 elementor-icon-list--layout-inline elementor-list-item-link-inline animated-slow e-transform e-transform e-transform elementor-invisible elementor-widget elementor-widget-icon-list\" data-id=\"11883232\" data-element_type=\"widget\" data-settings=\"{&quot;_animation&quot;:&quot;wobble&quot;,&quot;_animation_delay&quot;:100,&quot;_transform_translateX_effect&quot;:{&quot;unit&quot;:&quot;px&quot;,&quot;size&quot;:&quot;&quot;,&quot;sizes&quot;:[]},&quot;_transform_translateX_effect_tablet&quot;:{&quot;unit&quot;:&quot;px&quot;,&quot;size&quot;:&quot;&quot;,&quot;sizes&quot;:[]},&quot;_transform_translateX_effect_mobile&quot;:{&quot;unit&quot;:&quot;px&quot;,&quot;size&quot;:&quot;&quot;,&quot;sizes&quot;:[]},&quot;_transform_translateY_effect&quot;:{&quot;unit&quot;:&quot;px&quot;,&quot;size&quot;:&quot;&quot;,&quot;sizes&quot;:[]},&quot;_transform_translateY_effect_tablet&quot;:{&quot;unit&quot;:&quot;px&quot;,&quot;size&quot;:&quot;&quot;,&quot;sizes&quot;:[]},&quot;_transform_translateY_effect_mobile&quot;:{&quot;unit&quot;:&quot;px&quot;,&quot;size&quot;:&quot;&quot;,&quot;sizes&quot;:[]},&quot;_transform_scale_effect&quot;:{&quot;unit&quot;:&quot;px&quot;,&quot;size&quot;:&quot;&quot;,&quot;sizes&quot;:[]},&quot;_transform_scale_effect_tablet&quot;:{&quot;unit&quot;:&quot;px&quot;,&quot;size&quot;:&quot;&quot;,&quot;sizes&quot;:[]},&quot;_transform_scale_effect_mobile&quot;:{&quot;unit&quot;:&quot;px&quot;,&quot;size&quot;:&quot;&quot;,&quot;sizes&quot;:[]},&quot;_transform_skewX_effect&quot;:{&quot;unit&quot;:&quot;px&quot;,&quot;size&quot;:&quot;&quot;,&quot;sizes&quot;:[]},&quot;_transform_skewX_effect_tablet&quot;:{&quot;unit&quot;:&quot;deg&quot;,&quot;size&quot;:&quot;&quot;,&quot;sizes&quot;:[]},&quot;_transform_skewX_effect_mobile&quot;:{&quot;unit&quot;:&quot;deg&quot;,&quot;size&quot;:&quot;&quot;,&quot;sizes&quot;:[]},&quot;_transform_skewY_effect&quot;:{&quot;unit&quot;:&quot;px&quot;,&quot;size&quot;:&quot;&quot;,&quot;sizes&quot;:[]},&quot;_transform_skewY_effect_tablet&quot;:{&quot;unit&quot;:&quot;deg&quot;,&quot;size&quot;:&quot;&quot;,&quot;sizes&quot;:[]},&quot;_transform_skewY_effect_mobile&quot;:{&quot;unit&quot;:&quot;deg&quot;,&quot;size&quot;:&quot;&quot;,&quot;sizes&quot;:[]}}\" data-widget_type=\"icon-list.default\">\n\t\t\t\t<div class=\"elementor-widget-container\">\n\t\t\t\t\t\t\t<ul class=\"elementor-icon-list-items elementor-inline-items\">\n\t\t\t\t\t\t\t<li class=\"elementor-icon-list-item elementor-inline-item\">\n\t\t\t\t\t\t\t\t\t\t\t<span class=\"elementor-icon-list-icon\">\n\t\t\t\t\t\t\t<i aria-hidden=\"true\" class=\"fas fa-circle\"><\/i>\t\t\t\t\t\t<\/span>\n\t\t\t\t\t\t\t\t\t\t<span class=\"elementor-icon-list-text\">PRECIO<\/span>\n\t\t\t\t\t\t\t\t\t<\/li>\n\t\t\t\t\t\t\t\t<li class=\"elementor-icon-list-item elementor-inline-item\">\n\t\t\t\t\t\t\t\t\t\t\t<span class=\"elementor-icon-list-icon\">\n\t\t\t\t\t\t\t<i aria-hidden=\"true\" class=\"fas fa-check\"><\/i>\t\t\t\t\t\t<\/span>\n\t\t\t\t\t\t\t\t\t\t<span class=\"elementor-icon-list-text\">5 kg - 25\u20ac<\/span>\n\t\t\t\t\t\t\t\t\t<\/li>\n\t\t\t\t\t\t<\/ul>\n\t\t\t\t\t\t<\/div>\n\t\t\t\t<\/div>\n\t\t\t\t<section class=\"elementor-section elementor-inner-section elementor-element elementor-element-1f2e1416 elementor-section-boxed elementor-section-height-default elementor-section-height-default\" data-id=\"1f2e1416\" data-element_type=\"section\">\n\t\t\t\t\t\t<div class=\"elementor-container elementor-column-gap-default\">\n\t\t\t\t\t<div class=\"elementor-column elementor-col-100 elementor-inner-column elementor-element elementor-element-74b2d3a4\" data-id=\"74b2d3a4\" data-element_type=\"column\">\n\t\t\t<div class=\"elementor-widget-wrap elementor-element-populated\">\n\t\t\t\t\t\t<div class=\"elementor-element elementor-element-5914648b gallery-spacing-custom elementor-widget__width-initial elementor-widget elementor-widget-image-gallery\" data-id=\"5914648b\" data-element_type=\"widget\" data-widget_type=\"image-gallery.default\">\n\t\t\t\t<div class=\"elementor-widget-container\">\n\t\t\t\t\t\t\t<div class=\"elementor-image-gallery\">\n\t\t\t<div id='gallery-1' class='gallery galleryid-1171 gallery-columns-3 gallery-size-large'><figure class='gallery-item'>\n\t\t\t<div class='gallery-icon portrait'>\n\t\t\t\t<a data-elementor-open-lightbox=\"yes\" data-elementor-lightbox-slideshow=\"5914648b\" data-elementor-lightbox-title=\"GOLD PATEE 5K\" data-e-action-hash=\"#elementor-action%3Aaction%3Dlightbox%26settings%3DeyJpZCI6Njc0LCJ1cmwiOiJodHRwczpcL1wvYWNlY29yZG9iYS5jb21cL3dwLWNvbnRlbnRcL3VwbG9hZHNcLzIwMjRcLzA0XC9HT0xELVBBVEVFLTVLLnBuZyIsInNsaWRlc2hvdyI6IjU5MTQ2NDhiIn0%3D\" href='https:\/\/acecordoba.com\/wp-content\/uploads\/2024\/04\/GOLD-PATEE-5K.png'><img decoding=\"async\" width=\"334\" height=\"400\" src=\"https:\/\/acecordoba.com\/wp-content\/uploads\/2024\/04\/GOLD-PATEE-5K.png\" class=\"attachment-large size-large\" alt=\"\" srcset=\"https:\/\/acecordoba.com\/wp-content\/uploads\/2024\/04\/GOLD-PATEE-5K.png 334w, https:\/\/acecordoba.com\/wp-content\/uploads\/2024\/04\/GOLD-PATEE-5K-251x300.png 251w\" sizes=\"(max-width: 334px) 100vw, 334px\" \/><\/a>\n\t\t\t<\/div><\/figure><figure class='gallery-item'>\n\t\t\t<div class='gallery-icon portrait'>\n\t\t\t\t<a data-elementor-open-lightbox=\"yes\" data-elementor-lightbox-slideshow=\"5914648b\" data-elementor-lightbox-title=\"GOLD PATEE MUESTRA\" data-e-action-hash=\"#elementor-action%3Aaction%3Dlightbox%26settings%3DeyJpZCI6MTE3NiwidXJsIjoiaHR0cHM6XC9cL2FjZWNvcmRvYmEuY29tXC93cC1jb250ZW50XC91cGxvYWRzXC8yMDI0XC8wNlwvR09MRC1QQVRFRS1NVUVTVFJBLmpwZyIsInNsaWRlc2hvdyI6IjU5MTQ2NDhiIn0%3D\" href='https:\/\/acecordoba.com\/wp-content\/uploads\/2024\/06\/GOLD-PATEE-MUESTRA.jpg'><img decoding=\"async\" width=\"800\" height=\"958\" src=\"https:\/\/acecordoba.com\/wp-content\/uploads\/2024\/06\/GOLD-PATEE-MUESTRA.jpg\" class=\"attachment-large size-large\" alt=\"\" srcset=\"https:\/\/acecordoba.com\/wp-content\/uploads\/2024\/06\/GOLD-PATEE-MUESTRA.jpg 800w, https:\/\/acecordoba.com\/wp-content\/uploads\/2024\/06\/GOLD-PATEE-MUESTRA-251x300.jpg 251w, https:\/\/acecordoba.com\/wp-content\/uploads\/2024\/06\/GOLD-PATEE-MUESTRA-768x920.jpg 768w, https:\/\/acecordoba.com\/wp-content\/uploads\/2024\/06\/GOLD-PATEE-MUESTRA-600x719.jpg 600w\" sizes=\"(max-width: 800px) 100vw, 800px\" \/><\/a>\n\t\t\t<\/div><\/figure>\n\t\t<\/div>\n\t\t<\/div>\n\t\t\t\t\t\t<\/div>\n\t\t\t\t<\/div>\n\t\t\t\t\t<\/div>\n\t\t<\/div>\n\t\t\t\t\t<\/div>\n\t\t<\/section>\n\t\t\t\t\t<\/div>\n\t\t<\/div>\n\t\t\t\t<div class=\"elementor-column elementor-col-50 elementor-top-column elementor-element elementor-element-69ab7aaa\" data-id=\"69ab7aaa\" data-element_type=\"column\">\n\t\t\t<div class=\"elementor-widget-wrap elementor-element-populated\">\n\t\t\t\t\t\t<div class=\"elementor-element elementor-element-43e83b48 elementor-widget elementor-widget-text-editor\" data-id=\"43e83b48\" data-element_type=\"widget\" data-widget_type=\"text-editor.default\">\n\t\t\t\t<div class=\"elementor-widget-container\">\n\t\t\t\t\t\t\t\t\t<p>\u00a0<\/p><p>\u00a0<\/p><p><span style=\"color: #000000;\"><b>Pasta de huevo lista para usar para periquitos grandes y loros<\/b><\/span><\/p><p><span style=\"color: #000000;\">La pasta de huevo es esencial durante la \u00e9poca de cr\u00eda; pero tambi\u00e9n durante el resto del a\u00f1o, es una fuente de nutrientes extra.<\/span><\/p><p>\u00a0<\/p><ul><li><span style=\"color: #000000;\">Mojado con miel 100% natural.<\/span><\/li><li><span style=\"color: #000000;\">Con rosa mosqueta, bayas de serbal y pasas; enriquecido con gammarus, como fuente extra de prote\u00edna animal.<\/span><\/li><li><span style=\"color: #000000;\">Con lisina y metionina adicionales para un crecimiento \u00f3ptimo y un plumaje perfecto.<\/span><\/li><\/ul>\t\t\t\t\t\t\t\t<\/div>\n\t\t\t\t<\/div>\n\t\t\t\t\t<\/div>\n\t\t<\/div>\n\t\t\t\t\t<\/div>\n\t\t<\/section>\n\t\t\t\t<section class=\"elementor-section elementor-top-section elementor-element elementor-element-5b8502b9 elementor-section-full_width elementor-section-height-default elementor-section-height-default\" data-id=\"5b8502b9\" data-element_type=\"section\">\n\t\t\t\t\t\t<div class=\"elementor-container elementor-column-gap-default\">\n\t\t\t\t\t<div class=\"elementor-column elementor-col-100 elementor-top-column elementor-element elementor-element-3febe447\" data-id=\"3febe447\" data-element_type=\"column\">\n\t\t\t<div class=\"elementor-widget-wrap elementor-element-populated\">\n\t\t\t\t\t\t<section class=\"elementor-section elementor-inner-section elementor-element elementor-element-6c8538f7 elementor-section-boxed elementor-section-height-default elementor-section-height-default\" data-id=\"6c8538f7\" data-element_type=\"section\">\n\t\t\t\t\t\t<div class=\"elementor-container elementor-column-gap-default\">\n\t\t\t\t\t<div class=\"elementor-column elementor-col-50 elementor-inner-column elementor-element elementor-element-a966084\" data-id=\"a966084\" data-element_type=\"column\">\n\t\t\t<div class=\"elementor-widget-wrap elementor-element-populated\">\n\t\t\t\t\t\t<div class=\"elementor-element elementor-element-34190224 elementor-widget elementor-widget-text-editor\" data-id=\"34190224\" data-element_type=\"widget\" data-widget_type=\"text-editor.default\">\n\t\t\t\t<div class=\"elementor-widget-container\">\n\t\t\t\t\t\t\t\t\t<div class=\"row\"><div class=\"col-12\"><div class=\"rich-text\"><h3><span style=\"color: #000000;\">COMPOSICI\u00d3N<\/span><\/h3><p><span style=\"color: #000000;\">huevos y ovoproductos, productos de panader\u00eda, aceites y grasas, extractos de prote\u00ednas vegetales, cereales, frutas, miel, az\u00facares, sustancias minerales, moluscos y crust\u00e1ceos, semillas, insectos, FOS, MOS<\/span><\/p><\/div><\/div><\/div><div class=\"row\"><div class=\"col-12\"><div class=\"rich-text\"><h3><span style=\"color: #000000;\">COMPONENTES ANAL\u00cdTICOS<\/span><\/h3><p><span style=\"color: #000000;\">prote\u00edna 17,00%, contenido de grasa 16,00%, fibra bruta 2,00%, ceniza bruta 6,00%, calcio 1,30%, f\u00f3sforo 0,50%, lisina 0,95%, metionina 0,35%, treonina 0,60%, tript\u00f3fano 0,20%, cistina 0,30%<\/span><\/p><\/div><\/div><\/div><h3>ADITIVOS\/KG NUTRICIONALES<\/h3><div class=\"row\"><div class=\"col-12\"><div class=\"rich-text\"><p><span style=\"color: #000000;\">vitamina A 15600 UI, \u03b2-caroteno 8,60 mg, vitamina D3 1850 UI, vitamina E 345,00 mg, vitamina K3 3,00 mg, vitamina B1 7,20 mg, vitamina B2 16,00 mg, D-pantotenato c\u00e1lcico 20,00mg, vitamina B6 6,00 mg, vitamina B12 0,03 mg, niacina 65,00 mg, vitamina C 75,00 mg, cloruro de colina 1200 mg, \u00e1cido f\u00f3lico 1,20 mg, biotina 0,20 mg, L-carnitina 75,00 mg, 3b103 (hierro) 50,00 mg, 3b202 (yodo) 2,00 mg, E4 (cobre) 10,00 mg, 3b502 (manganeso) 100,00 mg, 3b603 (zinc) 97,00 mg, E8 (selenio) 0,20 mg<\/span><\/p><\/div><\/div><\/div>\t\t\t\t\t\t\t\t<\/div>\n\t\t\t\t<\/div>\n\t\t\t\t\t<\/div>\n\t\t<\/div>\n\t\t\t\t<div class=\"elementor-column elementor-col-50 elementor-inner-column elementor-element elementor-element-61b6f638\" data-id=\"61b6f638\" data-element_type=\"column\">\n\t\t\t<div class=\"elementor-widget-wrap elementor-element-populated\">\n\t\t\t\t\t\t<div class=\"elementor-element elementor-element-17cb6a54 elementor-widget elementor-widget-text-editor\" data-id=\"17cb6a54\" data-element_type=\"widget\" data-widget_type=\"text-editor.default\">\n\t\t\t\t<div class=\"elementor-widget-container\">\n\t\t\t\t\t\t\t\t\t<h6><span style=\"font-size: 1.5em; font-weight: bold; color: #000000;\">DISPONIBLE EN<\/span><\/h6><div class=\"rich-text\"><ul><li><span style=\"color: #000000;\">5kg\u00a0<\/span><\/li><\/ul><h3><span style=\"color: #000000;\">INSTRUCCIONES DE USO<\/span><\/h3><p><span style=\"color: #000000;\">Listo para usar. Durante la cr\u00eda y la muda: suministrar a discreci\u00f3n; en los otros per\u00edodos, tres veces por semana. Puede ser dado puro durante varios d\u00edas. Renovar diariamente cuando se a\u00f1adan semillas de germinaci\u00f3n, frutas y\/o verduras.<\/span><\/p><\/div>\t\t\t\t\t\t\t\t<\/div>\n\t\t\t\t<\/div>\n\t\t\t\t\t<\/div>\n\t\t<\/div>\n\t\t\t\t\t<\/div>\n\t\t<\/section>\n\t\t\t\t\t<\/div>\n\t\t<\/div>\n\t\t\t\t\t<\/div>\n\t\t<\/section>\n\t\t\t\t<\/div>\n\t\t","protected":false},"excerpt":{"rendered":"<p>GOLD PATEE PRECIO 5 kg &#8211; 25\u20ac \u00a0 \u00a0 Pasta de huevo lista para usar para periquitos grandes y loros La pasta de huevo es esencial durante la \u00e9poca de cr\u00eda; pero tambi\u00e9n durante el resto del a\u00f1o, es una fuente de nutrientes extra. \u00a0 Mojado con miel 100% natural. Con rosa mosqueta, bayas de [&hellip;]<\/p>\n","protected":false},"author":1,"featured_media":0,"parent":0,"menu_order":0,"comment_status":"closed","ping_status":"closed","template":"","meta":{"site-sidebar-layout":"no-sidebar","site-content-layout":"page-builder","ast-site-content-layout":"full-width-container","site-content-style":"default","site-sidebar-style":"default","ast-global-header-display":"","ast-banner-title-visibility":"","ast-main-header-display":"","ast-hfb-above-header-display":"","ast-hfb-below-header-display":"","ast-hfb-mobile-header-display":"","site-post-title":"disabled","ast-breadcrumbs-content":"","ast-featured-img":"disabled","footer-sml-layout":"","theme-transparent-header-meta":"","adv-header-id-meta":"","stick-header-meta":"","header-above-stick-meta":"","header-main-stick-meta":"","header-below-stick-meta":"","astra-migrate-meta-layouts":"set","ast-page-background-enabled":"default","ast-page-background-meta":{"desktop":{"background-color":"var(--ast-global-color-4)","background-image":"","background-repeat":"repeat","background-position":"center center","background-size":"auto","background-attachment":"scroll","background-type":"","background-media":"","overlay-type":"","overlay-color":"","overlay-gradient":""},"tablet":{"background-color":"","background-image":"","background-repeat":"repeat","background-position":"center center","background-size":"auto","background-attachment":"scroll","background-type":"","background-media":"","overlay-type":"","overlay-color":"","overlay-gradient":""},"mobile":{"background-color":"","background-image":"","background-repeat":"repeat","background-position":"center center","background-size":"auto","background-attachment":"scroll","background-type":"","background-media":"","overlay-type":"","overlay-color":"","overlay-gradient":""}},"ast-content-background-meta":{"desktop":{"background-color":"var(--ast-global-color-5)","background-image":"","background-repeat":"repeat","background-position":"center center","background-size":"auto","background-attachment":"scroll","background-type":"","background-media":"","overlay-type":"","overlay-color":"","overlay-gradient":""},"tablet":{"background-color":"var(--ast-global-color-5)","background-image":"","background-repeat":"repeat","background-position":"center center","background-size":"auto","background-attachment":"scroll","background-type":"","background-media":"","overlay-type":"","overlay-color":"","overlay-gradient":""},"mobile":{"background-color":"var(--ast-global-color-5)","background-image":"","background-repeat":"repeat","background-position":"center center","background-size":"auto","background-attachment":"scroll","background-type":"","background-media":"","overlay-type":"","overlay-color":"","overlay-gradient":""}},"_joinchat":[],"footnotes":""},"class_list":["post-1171","page","type-page","status-publish","hentry"],"_links":{"self":[{"href":"https:\/\/acecordoba.com\/index.php?rest_route=\/wp\/v2\/pages\/1171","targetHints":{"allow":["GET"]}}],"collection":[{"href":"https:\/\/acecordoba.com\/index.php?rest_route=\/wp\/v2\/pages"}],"about":[{"href":"https:\/\/acecordoba.com\/index.php?rest_route=\/wp\/v2\/types\/page"}],"author":[{"embeddable":true,"href":"https:\/\/acecordoba.com\/index.php?rest_route=\/wp\/v2\/users\/1"}],"replies":[{"embeddable":true,"href":"https:\/\/acecordoba.com\/index.php?rest_route=%2Fwp%2Fv2%2Fcomments&post=1171"}],"version-history":[{"count":5,"href":"https:\/\/acecordoba.com\/index.php?rest_route=\/wp\/v2\/pages\/1171\/revisions"}],"predecessor-version":[{"id":1180,"href":"https:\/\/acecordoba.com\/index.php?rest_route=\/wp\/v2\/pages\/1171\/revisions\/1180"}],"wp:attachment":[{"href":"https:\/\/acecordoba.com\/index.php?rest_route=%2Fwp%2Fv2%2Fmedia&parent=1171"}],"curies":[{"name":"wp","href":"https:\/\/api.w.org\/{rel}","templated":true}]}}