{"id":27,"date":"2022-11-20T17:26:32","date_gmt":"2022-11-20T17:26:32","guid":{"rendered":"https:\/\/acecordoba.com\/?page_id=27"},"modified":"2022-12-10T11:32:52","modified_gmt":"2022-12-10T11:32:52","slug":"anillas","status":"publish","type":"page","link":"https:\/\/acecordoba.com\/?page_id=27","title":{"rendered":"Anillas"},"content":{"rendered":"\t\t<div data-elementor-type=\"wp-page\" data-elementor-id=\"27\" class=\"elementor elementor-27\" data-elementor-post-type=\"page\">\n\t\t\t\t\t\t<section class=\"elementor-section elementor-top-section elementor-element elementor-element-3c759d4 elementor-section-boxed elementor-section-height-default elementor-section-height-default\" data-id=\"3c759d4\" data-element_type=\"section\" data-settings=\"{&quot;background_background&quot;:&quot;classic&quot;,&quot;background_motion_fx_motion_fx_scrolling&quot;:&quot;yes&quot;,&quot;background_motion_fx_opacity_effect&quot;:&quot;yes&quot;,&quot;background_motion_fx_opacity_range&quot;:{&quot;unit&quot;:&quot;%&quot;,&quot;size&quot;:&quot;&quot;,&quot;sizes&quot;:{&quot;start&quot;:27,&quot;end&quot;:96}},&quot;background_motion_fx_opacity_direction&quot;:&quot;out-in&quot;,&quot;background_motion_fx_opacity_level&quot;:{&quot;unit&quot;:&quot;px&quot;,&quot;size&quot;:10,&quot;sizes&quot;:[]},&quot;background_motion_fx_devices&quot;:[&quot;desktop&quot;,&quot;tablet&quot;,&quot;mobile&quot;]}\">\n\t\t\t\t\t\t<div class=\"elementor-container elementor-column-gap-default\">\n\t\t\t\t\t<div class=\"elementor-column elementor-col-33 elementor-top-column elementor-element elementor-element-1e30797\" data-id=\"1e30797\" data-element_type=\"column\">\n\t\t\t<div class=\"elementor-widget-wrap elementor-element-populated\">\n\t\t\t\t\t\t<div class=\"elementor-element elementor-element-92ec2b4 elementor-toc--minimized-on-tablet elementor-widget elementor-widget-table-of-contents\" data-id=\"92ec2b4\" data-element_type=\"widget\" data-settings=\"{&quot;exclude_headings_by_selector&quot;:[],&quot;sticky&quot;:&quot;top&quot;,&quot;sticky_on&quot;:[&quot;desktop&quot;,&quot;tablet&quot;],&quot;sticky_offset&quot;:50,&quot;headings_by_tags&quot;:[&quot;h2&quot;,&quot;h3&quot;,&quot;h4&quot;,&quot;h5&quot;,&quot;h6&quot;],&quot;marker_view&quot;:&quot;numbers&quot;,&quot;minimize_box&quot;:&quot;yes&quot;,&quot;minimized_on&quot;:&quot;tablet&quot;,&quot;hierarchical_view&quot;:&quot;yes&quot;,&quot;min_height&quot;:{&quot;unit&quot;:&quot;px&quot;,&quot;size&quot;:&quot;&quot;,&quot;sizes&quot;:[]},&quot;min_height_tablet&quot;:{&quot;unit&quot;:&quot;px&quot;,&quot;size&quot;:&quot;&quot;,&quot;sizes&quot;:[]},&quot;min_height_mobile&quot;:{&quot;unit&quot;:&quot;px&quot;,&quot;size&quot;:&quot;&quot;,&quot;sizes&quot;:[]},&quot;sticky_effects_offset&quot;:0}\" data-widget_type=\"table-of-contents.default\">\n\t\t\t\t<div class=\"elementor-widget-container\">\n\t\t\t\t\t\t\t<div class=\"elementor-toc__header\">\n\t\t\t<h4 class=\"elementor-toc__header-title\">\n\t\t\t\tTabla de Contenidos\t\t\t<\/h4>\n\t\t\t\t\t\t\t<div class=\"elementor-toc__toggle-button elementor-toc__toggle-button--expand\" role=\"button\" tabindex=\"0\" aria-controls=\"elementor-toc__92ec2b4\" aria-expanded=\"true\" aria-label=\"Open table of contents\"><i aria-hidden=\"true\" class=\"fas fa-chevron-down\"><\/i><\/div>\n\t\t\t\t<div class=\"elementor-toc__toggle-button elementor-toc__toggle-button--collapse\" role=\"button\" tabindex=\"0\" aria-controls=\"elementor-toc__92ec2b4\" aria-expanded=\"true\" aria-label=\"Close table of contents\"><i aria-hidden=\"true\" class=\"fas fa-chevron-up\"><\/i><\/div>\n\t\t\t\t\t<\/div>\n\t\t<div id=\"elementor-toc__92ec2b4\" class=\"elementor-toc__body\">\n\t\t\t<div class=\"elementor-toc__spinner-container\">\n\t\t\t\t<i class=\"elementor-toc__spinner eicon-animation-spin eicon-loading\" aria-hidden=\"true\"><\/i>\t\t\t<\/div>\n\t\t<\/div>\n\t\t\t\t\t\t<\/div>\n\t\t\t\t<\/div>\n\t\t\t\t\t<\/div>\n\t\t<\/div>\n\t\t\t\t<div class=\"elementor-column elementor-col-66 elementor-top-column elementor-element elementor-element-cb61d62\" data-id=\"cb61d62\" data-element_type=\"column\">\n\t\t\t<div class=\"elementor-widget-wrap elementor-element-populated\">\n\t\t\t\t\t\t<div class=\"elementor-element elementor-element-f33fb0c elementor-widget elementor-widget-text-editor\" data-id=\"f33fb0c\" data-element_type=\"widget\" data-widget_type=\"text-editor.default\">\n\t\t\t\t<div class=\"elementor-widget-container\">\n\t\t\t\t\t\t\t\t\t<h3 style=\"text-align: center;\"><span style=\"font-size: 1.5em; font-weight: bold;\">CONVOCATORIAS<\/span><\/h3><div><p>&gt; 1\u00aa CONVOCATORIA: Del 2 de mayo al 13 de junio de 2022. (Entrega: septiembre 2022).<\/p><p>&gt; 2\u00aa CONVOCATORIA: Del 14 de junio al 08 de agosto de 2022. (Entrega: noviembre 2022).<\/p><p>&gt; 3\u00aa CONVOCATORIA: Del 09 de agosto al 10 de octubre de 2022. (Entrega: diciembre 2022).<\/p><p>&gt; 4\u00aa CONVOCATORIA: Del 11 de octubre al 12 de diciembre de 2022. (Entrega: febrero 2023).<\/p><p>&gt; 5\u00aa CONVOCATORIA: Del 13 de diciembre de 2022 al 13 de febrero de 2023. (Entrega: marzo 2023).<\/p><p>&gt; 6\u00aa CONVOCATORIA: Del 14 de febrero al 13 de marzo de 2023. (Entrega: abril 2023).<\/p><p>&gt; EXTRAORDINARIA: Del 14 de marzo al 10 de abril de 2023. (Entrega: sin fecha).<\/p><h3 style=\"font-size: 1.66667rem; font-style: normal;\">II TIPOS DE ANILLAS<\/h3><\/div><p>&gt; A.-\u00a0<strong>Aluminio<\/strong>: anodizadas y coloreadas, grabado l\u00e1ser<\/p><p>&gt; C.-\u00a0<strong>Acero inoxidable<\/strong>: grabado l\u00e1ser.<\/p><h3>III COLOR.<\/h3><p>&gt;\u00a0El color acordado para el\u00a02022 es el\u00a0<span style=\"color: #000080;\"><strong>AZUL<\/strong><\/span>.<\/p><h3>IV CALIBRES Y PRECIOS.<\/h3><p>Todas las medidas est\u00e1n indicadas en mil\u00edmetros.<\/p><p>&gt; Aluminio anodizado color (m\u00ednimo 50 anillas de un mismo calibre, o bien, 50 de un calibre 25 de otro calibre)<\/p><p>2,0 &#8211; 2,3 &#8211; 2,4 &#8211; 2,5 &#8211; 2,7 &#8211; 2,9 &#8211; 3,0 &#8211; 3,1 &#8211; 3,2 &#8211; 3,5 &#8211; 3,8 &#8211; 4,0 &#8211; 4,2 \u2013 4,4 &#8211; 4,5 &#8211; 5,0 &#8211; 5,2 &#8211; 5,5 &#8211; 6,0 &#8211; 6.5 &#8211; 7,0 &#8211; 7,5 &#8211; 8,0 &#8211; 8,5 &#8211; 9,0 &#8211; 10,0 &#8211; 11,0 &#8211; 12,0 &#8211; 12,5 &#8211; 14,0 &#8211; 16,0 &#8211; 19,0 &#8211; 23,0 &#8211; 25,0 &#8211; 27,0<\/p><p>&gt; Acero inoxidable: (m\u00ednimo 10 anillas)<\/p><p>3,5 &#8211; 4,0 &#8211; 4,2 &#8211; 4,5 &#8211; 5,0 &#8211; 5,5 &#8211; 6,0 \u2013 6,5 &#8211; 7,0 &#8211; 8,0 &#8211; 9,5 &#8211; 10,0 &#8211; 11,0 &#8211; 12,5 &#8211; 14,0 &#8211; 15,0 &#8211; 16,0<\/p><p>ATENCI\u00d3N:<\/p><p>&gt; El incremento a partir del pedido m\u00ednimo ser\u00e1 de 5 en 5.<\/p><p>&gt; Se podr\u00e1n pedir solo 25 anillas siempre que se haya pedido 50 en la misma convocatoria o en alguna de las anteriores. Por ejemplo: PRIMERA CONVOCATORIA: 50 anillas de 3,0 mm + 25 anillas de 2,5 mm. SEGUNDA CONVOCATORIA: 25 anillas de 3,0 mm.<\/p><p>&gt; Los pedidos de anillas s\u00f3lo los podr\u00e1n efectuar las sociedades y a trav\u00e9s de la web de FOA. Las sociedades que carezcan de medios inform\u00e1ticos, pueden llamar directamente a la oficina de FOA donde recibir\u00e1n instrucciones (950 322 867).<\/p><p>&gt; NOVEDAD IMPORTANTE: A partir del calibre 3,8 inclusive, el material de fabricaci\u00f3n ser\u00e1 de DURALUMINIO ANODIZADO COLOR<\/p><p>\u00a0Aluminio anodizado color:<\/p><p>&#8211; Calibre del 2,0 al 5,0: 0,42 \u20ac\/ud.<\/p><p>&#8211; Calibre del 5,2 al 16,0: 0,55 \u20ac\/ud.<\/p><p>&#8211; Calibre del 19,0 al 27,0: 0,93 \u20ac\/ud.<\/p><p>&gt; Acero inoxidable: 0,58 \u20ac\/ud.<\/p><p><span style=\"font-weight: bold;\">&gt; INFORMACI\u00d3N ORNIRINGS:\u00a0<\/span><\/p><p>Estos precios ser\u00e1n aplicables en todas las convocatorias. Los pedidos fuera de convocatoria se tramitar\u00e1n con un recargo del 100%. Los pedidos menores a 150 anillas tendr\u00e1n un recargo de 7\u20ac en concepto de gastos de env\u00edo, a partir de 150 anillas ser\u00e1n a cargo de la Federaci\u00f3n.<\/p><p>&gt; Los pedidos menores a\u00a0150 anillas tendr\u00e1n un recargo de 7\u20ac en concepto de gastos de env\u00edo, a partir de 150 anillas ser\u00e1n\u00a0a cargo de la Federaci\u00f3n.<\/p><p>\u00a0<\/p><h3>V NUEVO\u00a0SITIO WEB Y APP M\u00d3VIL\u00a0NUESTROS P\u00c1JAROS.<\/h3><p>Cada criador nacional que solicite un m\u00ednimo de 50 anillas al a\u00f1o, pudiendo ser la sumatoria de distintos tipos y calibres, recibir\u00e1 de forma gratuita unas credenciales (usuario y contrase\u00f1a) de acceso personal para poder visualizar todos los contenidos del nuevo sitio web y app m\u00f3vil de la revista Nuestros P\u00e1jaros correspondiente al a\u00f1o en curso. Para ello, deber\u00e1n tener sus datos personales actualizados (incluidos correo electr\u00f3nico y tel\u00e9fono) en la web de FOA.<\/p><h3>VI CARN\u00c9 DE CRIADOR NACIONAL.<\/h3><p>&gt; El carn\u00e9 de cada criador nacional ser\u00e1 renovado y enviado anualmente a la sociedad sin coste.<\/p><p>&gt; Las p\u00e9rdidas o renovaciones ser\u00e1n facturadas a la sociedad al precio de 3\u20ac.<\/p><p>&gt; Las sociedades que lo deseen pueden solicitar carn\u00e9s personalizados al mismo precio.<\/p><h3>VII PROYECTO SEDE.<\/h3><p>La cuota para el proyecto SEDE FOA, es de 5\u20ac\u00a0por criador y a\u00f1o.<\/p>\t\t\t\t\t\t\t\t<\/div>\n\t\t\t\t<\/div>\n\t\t\t\t\t<\/div>\n\t\t<\/div>\n\t\t\t\t\t<\/div>\n\t\t<\/section>\n\t\t\t\t<\/div>\n\t\t","protected":false},"excerpt":{"rendered":"<p>Tabla de Contenidos CONVOCATORIAS &gt; 1\u00aa CONVOCATORIA: Del 2 de mayo al 13 de junio de 2022. (Entrega: septiembre 2022). &gt; 2\u00aa CONVOCATORIA: Del 14 de junio al 08 de agosto de 2022. (Entrega: noviembre 2022). &gt; 3\u00aa CONVOCATORIA: Del 09 de agosto al 10 de octubre de 2022. (Entrega: diciembre 2022). &gt; 4\u00aa CONVOCATORIA: [&hellip;]<\/p>\n","protected":false},"author":1,"featured_media":0,"parent":0,"menu_order":0,"comment_status":"closed","ping_status":"closed","template":"","meta":{"site-sidebar-layout":"no-sidebar","site-content-layout":"page-builder","ast-site-content-layout":"","site-content-style":"default","site-sidebar-style":"default","ast-global-header-display":"","ast-banner-title-visibility":"","ast-main-header-display":"","ast-hfb-above-header-display":"","ast-hfb-below-header-display":"","ast-hfb-mobile-header-display":"","site-post-title":"disabled","ast-breadcrumbs-content":"","ast-featured-img":"disabled","footer-sml-layout":"","theme-transparent-header-meta":"","adv-header-id-meta":"","stick-header-meta":"","header-above-stick-meta":"","header-main-stick-meta":"","header-below-stick-meta":"","astra-migrate-meta-layouts":"default","ast-page-background-enabled":"default","ast-page-background-meta":{"desktop":{"background-color":"var(--ast-global-color-4)","background-image":"","background-repeat":"repeat","background-position":"center center","background-size":"auto","background-attachment":"scroll","background-type":"","background-media":"","overlay-type":"","overlay-color":"","overlay-gradient":""},"tablet":{"background-color":"","background-image":"","background-repeat":"repeat","background-position":"center center","background-size":"auto","background-attachment":"scroll","background-type":"","background-media":"","overlay-type":"","overlay-color":"","overlay-gradient":""},"mobile":{"background-color":"","background-image":"","background-repeat":"repeat","background-position":"center center","background-size":"auto","background-attachment":"scroll","background-type":"","background-media":"","overlay-type":"","overlay-color":"","overlay-gradient":""}},"ast-content-background-meta":{"desktop":{"background-color":"var(--ast-global-color-5)","background-image":"","background-repeat":"repeat","background-position":"center center","background-size":"auto","background-attachment":"scroll","background-type":"","background-media":"","overlay-type":"","overlay-color":"","overlay-gradient":""},"tablet":{"background-color":"var(--ast-global-color-5)","background-image":"","background-repeat":"repeat","background-position":"center center","background-size":"auto","background-attachment":"scroll","background-type":"","background-media":"","overlay-type":"","overlay-color":"","overlay-gradient":""},"mobile":{"background-color":"var(--ast-global-color-5)","background-image":"","background-repeat":"repeat","background-position":"center center","background-size":"auto","background-attachment":"scroll","background-type":"","background-media":"","overlay-type":"","overlay-color":"","overlay-gradient":""}},"_joinchat":[],"footnotes":""},"class_list":["post-27","page","type-page","status-publish","hentry"],"_links":{"self":[{"href":"https:\/\/acecordoba.com\/index.php?rest_route=\/wp\/v2\/pages\/27","targetHints":{"allow":["GET"]}}],"collection":[{"href":"https:\/\/acecordoba.com\/index.php?rest_route=\/wp\/v2\/pages"}],"about":[{"href":"https:\/\/acecordoba.com\/index.php?rest_route=\/wp\/v2\/types\/page"}],"author":[{"embeddable":true,"href":"https:\/\/acecordoba.com\/index.php?rest_route=\/wp\/v2\/users\/1"}],"replies":[{"embeddable":true,"href":"https:\/\/acecordoba.com\/index.php?rest_route=%2Fwp%2Fv2%2Fcomments&post=27"}],"version-history":[{"count":94,"href":"https:\/\/acecordoba.com\/index.php?rest_route=\/wp\/v2\/pages\/27\/revisions"}],"predecessor-version":[{"id":559,"href":"https:\/\/acecordoba.com\/index.php?rest_route=\/wp\/v2\/pages\/27\/revisions\/559"}],"wp:attachment":[{"href":"https:\/\/acecordoba.com\/index.php?rest_route=%2Fwp%2Fv2%2Fmedia&parent=27"}],"curies":[{"name":"wp","href":"https:\/\/api.w.org\/{rel}","templated":true}]}}