{"id":968,"date":"2024-06-04T18:34:37","date_gmt":"2024-06-04T18:34:37","guid":{"rendered":"https:\/\/acecordoba.com\/?page_id=968"},"modified":"2024-06-04T18:36:03","modified_gmt":"2024-06-04T18:36:03","slug":"elementor-968","status":"publish","type":"page","link":"https:\/\/acecordoba.com\/?page_id=968","title":{"rendered":"LORI"},"content":{"rendered":"\t\t<div data-elementor-type=\"wp-page\" data-elementor-id=\"968\" class=\"elementor elementor-968\" data-elementor-post-type=\"page\">\n\t\t\t\t\t\t<section class=\"elementor-section elementor-top-section elementor-element elementor-element-3dcf47a9 elementor-section-boxed elementor-section-height-default elementor-section-height-default\" data-id=\"3dcf47a9\" data-element_type=\"section\">\n\t\t\t\t\t\t<div class=\"elementor-container elementor-column-gap-default\">\n\t\t\t\t\t<div class=\"elementor-column elementor-col-50 elementor-top-column elementor-element elementor-element-34c659d5\" data-id=\"34c659d5\" data-element_type=\"column\">\n\t\t\t<div class=\"elementor-widget-wrap elementor-element-populated\">\n\t\t\t\t\t\t<div class=\"elementor-element elementor-element-41d6ef7d elementor-widget elementor-widget-image\" data-id=\"41d6ef7d\" data-element_type=\"widget\" data-widget_type=\"image.default\">\n\t\t\t\t<div class=\"elementor-widget-container\">\n\t\t\t\t\t\t\t\t\t\t\t\t<figure class=\"wp-caption\">\n\t\t\t\t\t\t\t\t\t\t<img fetchpriority=\"high\" decoding=\"async\" width=\"251\" height=\"300\" src=\"https:\/\/acecordoba.com\/wp-content\/uploads\/2024\/04\/LORI-700G-251x300.png\" class=\"attachment-medium size-medium wp-image-654\" alt=\"\" srcset=\"https:\/\/acecordoba.com\/wp-content\/uploads\/2024\/04\/LORI-700G-251x300.png 251w, https:\/\/acecordoba.com\/wp-content\/uploads\/2024\/04\/LORI-700G.png 334w\" sizes=\"(max-width: 251px) 100vw, 251px\" \/>\t\t\t\t\t\t\t\t\t\t\t<figcaption class=\"widget-image-caption wp-caption-text\">LORI<\/figcaption>\n\t\t\t\t\t\t\t\t\t\t<\/figure>\n\t\t\t\t\t\t\t\t\t<\/div>\n\t\t\t\t<\/div>\n\t\t\t\t<div class=\"elementor-element elementor-element-30b33a56 elementor-icon-list--layout-inline elementor-list-item-link-inline elementor-widget elementor-widget-icon-list\" data-id=\"30b33a56\" data-element_type=\"widget\" data-widget_type=\"icon-list.default\">\n\t\t\t\t<div class=\"elementor-widget-container\">\n\t\t\t\t\t\t\t<ul class=\"elementor-icon-list-items elementor-inline-items\">\n\t\t\t\t\t\t\t<li class=\"elementor-icon-list-item elementor-inline-item\">\n\t\t\t\t\t\t\t\t\t\t\t<span class=\"elementor-icon-list-icon\">\n\t\t\t\t\t\t\t<i aria-hidden=\"true\" class=\"fas fa-circle\"><\/i>\t\t\t\t\t\t<\/span>\n\t\t\t\t\t\t\t\t\t\t<span class=\"elementor-icon-list-text\">PRECIO<\/span>\n\t\t\t\t\t\t\t\t\t<\/li>\n\t\t\t\t\t\t\t\t<li class=\"elementor-icon-list-item elementor-inline-item\">\n\t\t\t\t\t\t\t\t\t\t\t<span class=\"elementor-icon-list-icon\">\n\t\t\t\t\t\t\t<i aria-hidden=\"true\" class=\"fas fa-check\"><\/i>\t\t\t\t\t\t<\/span>\n\t\t\t\t\t\t\t\t\t\t<span class=\"elementor-icon-list-text\">700g - 13\u20ac<\/span>\n\t\t\t\t\t\t\t\t\t<\/li>\n\t\t\t\t\t\t\t\t<li class=\"elementor-icon-list-item elementor-inline-item\">\n\t\t\t\t\t\t\t\t\t\t\t<span class=\"elementor-icon-list-icon\">\n\t\t\t\t\t\t\t<i aria-hidden=\"true\" class=\"fas fa-check\"><\/i>\t\t\t\t\t\t<\/span>\n\t\t\t\t\t\t\t\t\t\t<span class=\"elementor-icon-list-text\">3 kg - 34.20\u20ac<\/span>\n\t\t\t\t\t\t\t\t\t<\/li>\n\t\t\t\t\t\t<\/ul>\n\t\t\t\t\t\t<\/div>\n\t\t\t\t<\/div>\n\t\t\t\t<section class=\"elementor-section elementor-inner-section elementor-element elementor-element-43a6f030 elementor-section-boxed elementor-section-height-default elementor-section-height-default\" data-id=\"43a6f030\" data-element_type=\"section\">\n\t\t\t\t\t\t<div class=\"elementor-container elementor-column-gap-default\">\n\t\t\t\t\t<div class=\"elementor-column elementor-col-100 elementor-inner-column elementor-element elementor-element-510feba9\" data-id=\"510feba9\" data-element_type=\"column\">\n\t\t\t<div class=\"elementor-widget-wrap elementor-element-populated\">\n\t\t\t\t\t\t<div class=\"elementor-element elementor-element-3e5b0657 gallery-spacing-custom elementor-widget__width-initial elementor-widget elementor-widget-image-gallery\" data-id=\"3e5b0657\" data-element_type=\"widget\" data-widget_type=\"image-gallery.default\">\n\t\t\t\t<div class=\"elementor-widget-container\">\n\t\t\t\t\t\t\t<div class=\"elementor-image-gallery\">\n\t\t\t<div id='gallery-1' class='gallery galleryid-968 gallery-columns-3 gallery-size-large'><figure class='gallery-item'>\n\t\t\t<div class='gallery-icon portrait'>\n\t\t\t\t<a data-elementor-open-lightbox=\"yes\" data-elementor-lightbox-slideshow=\"3e5b0657\" data-elementor-lightbox-title=\"LORI 3K\" data-e-action-hash=\"#elementor-action%3Aaction%3Dlightbox%26settings%3DeyJpZCI6OTcwLCJ1cmwiOiJodHRwczpcL1wvYWNlY29yZG9iYS5jb21cL3dwLWNvbnRlbnRcL3VwbG9hZHNcLzIwMjRcLzA2XC9MT1JJLTNLLnBuZyIsInNsaWRlc2hvdyI6IjNlNWIwNjU3In0%3D\" href='https:\/\/acecordoba.com\/wp-content\/uploads\/2024\/06\/LORI-3K.png'><img decoding=\"async\" width=\"800\" height=\"958\" src=\"https:\/\/acecordoba.com\/wp-content\/uploads\/2024\/06\/LORI-3K.png\" class=\"attachment-large size-large\" alt=\"\" srcset=\"https:\/\/acecordoba.com\/wp-content\/uploads\/2024\/06\/LORI-3K.png 800w, https:\/\/acecordoba.com\/wp-content\/uploads\/2024\/06\/LORI-3K-251x300.png 251w, https:\/\/acecordoba.com\/wp-content\/uploads\/2024\/06\/LORI-3K-768x920.png 768w, https:\/\/acecordoba.com\/wp-content\/uploads\/2024\/06\/LORI-3K-600x719.png 600w\" sizes=\"(max-width: 800px) 100vw, 800px\" \/><\/a>\n\t\t\t<\/div><\/figure>\n\t\t<\/div>\n\t\t<\/div>\n\t\t\t\t\t\t<\/div>\n\t\t\t\t<\/div>\n\t\t\t\t\t<\/div>\n\t\t<\/div>\n\t\t\t\t\t<\/div>\n\t\t<\/section>\n\t\t\t\t\t<\/div>\n\t\t<\/div>\n\t\t\t\t<div class=\"elementor-column elementor-col-50 elementor-top-column elementor-element elementor-element-4d3161c5\" data-id=\"4d3161c5\" data-element_type=\"column\">\n\t\t\t<div class=\"elementor-widget-wrap elementor-element-populated\">\n\t\t\t\t\t\t<div class=\"elementor-element elementor-element-6cc88d75 elementor-widget elementor-widget-text-editor\" data-id=\"6cc88d75\" data-element_type=\"widget\" data-widget_type=\"text-editor.default\">\n\t\t\t\t<div class=\"elementor-widget-container\">\n\t\t\t\t\t\t\t\t\t<p>\u00a0<\/p><p>\u00a0<\/p><p><span style=\"color: #000000;\"><b>Alimento completo para loris y loriquitos<\/b><\/span><\/p><p><span style=\"color: #000000;\">Alimento completo y equilibrado, por analog\u00eda con el n\u00e9ctar y el polen de las flores.<\/span><\/p><ul><li><span style=\"color: #000000;\">Alto valor nutritivo y muy buena ingesti\u00f3n.<\/span><\/li><li><span style=\"color: #000000;\">Forma una soluci\u00f3n estable, en la que el polvo no se deposita.<\/span><\/li><li><span style=\"color: #000000;\">Recomendado por los veterinarios y utilizado en todo el mundo por los parques ornitol\u00f3gicos y los mejores criadores.<\/span><\/li><\/ul>\t\t\t\t\t\t\t\t<\/div>\n\t\t\t\t<\/div>\n\t\t\t\t\t<\/div>\n\t\t<\/div>\n\t\t\t\t\t<\/div>\n\t\t<\/section>\n\t\t\t\t<section class=\"elementor-section elementor-top-section elementor-element elementor-element-5c6b8181 elementor-section-full_width elementor-section-height-default elementor-section-height-default\" data-id=\"5c6b8181\" data-element_type=\"section\">\n\t\t\t\t\t\t<div class=\"elementor-container elementor-column-gap-default\">\n\t\t\t\t\t<div class=\"elementor-column elementor-col-100 elementor-top-column elementor-element elementor-element-5aa4f77e\" data-id=\"5aa4f77e\" data-element_type=\"column\">\n\t\t\t<div class=\"elementor-widget-wrap elementor-element-populated\">\n\t\t\t\t\t\t<section class=\"elementor-section elementor-inner-section elementor-element elementor-element-73d0daa8 elementor-section-boxed elementor-section-height-default elementor-section-height-default\" data-id=\"73d0daa8\" data-element_type=\"section\">\n\t\t\t\t\t\t<div class=\"elementor-container elementor-column-gap-default\">\n\t\t\t\t\t<div class=\"elementor-column elementor-col-50 elementor-inner-column elementor-element elementor-element-4247ba3\" data-id=\"4247ba3\" data-element_type=\"column\">\n\t\t\t<div class=\"elementor-widget-wrap elementor-element-populated\">\n\t\t\t\t\t\t<div class=\"elementor-element elementor-element-3292b35 elementor-widget elementor-widget-text-editor\" data-id=\"3292b35\" data-element_type=\"widget\" data-widget_type=\"text-editor.default\">\n\t\t\t\t<div class=\"elementor-widget-container\">\n\t\t\t\t\t\t\t\t\t<div class=\"row\"><div class=\"col-12\"><div class=\"rich-text\"><h3><span style=\"color: #000000;\">COMPOSICI\u00d3N<\/span><\/h3><p><span style=\"color: #000000;\">az\u00facares (fructosa 10%), extractos de prote\u00ednas vegetales, subproductos de origen vegetal, aceites y grasas, productos de panader\u00eda, sustancias minerales, levaduras, MOS (1000 mg\/kg), lecitina<\/span><\/p><\/div><\/div><\/div><div class=\"row\"><div class=\"col-12\"><div class=\"rich-text\"><h3><span style=\"color: #000000;\">COMPONENTES ANAL\u00cdTICOS<\/span><\/h3><p><span style=\"color: #000000;\">prote\u00edna 15%, contenido de grasa 5%, fibra bruta 1,5%, ceniza bruta 6%, lisina 1%, metionina 0,35%, treonina 0,55%, tript\u00f3fano 0,2%, calcio 0,9%, sodio 0,2%, f\u00f3sforo 0,6%, magnesio 0,1%<\/span><\/p><\/div><\/div><\/div><h3>\u00a0<\/h3><div class=\"row\"><div class=\"col-12\"><div class=\"rich-text\"><h4><span style=\"color: #000000;\">ADITIVOS\/KG NUTRICIONALES<\/span><\/h4><p><span style=\"color: #000000;\">vitamina A 7200 UI, \u03b2-caroteno 4,35 mg, vitamina D3 1500 UI, vitamina E 85 mg, vitamina B1 7,2 mg, vitamina B2 16 mg, D-pantotenato c\u00e1lcico 20 mg, vitamina B6 6 mg, vitamina B12 0,03 mg, vitamina C 52 mg, niacina 80 mg, \u00e1cido f\u00f3lico 1,5 mg, biotina 0,26 mg, cloruro de colina 700 mg, 3b202 (yodo) 2 mg, 3b405 (cobre) 10 mg, 3b503 (manganeso) 100 mg, 3b605 (zinc) 96 mg, 3b802 (selenio) 0,1 mg, 3b811 (selenio org\u00e1nico) 0,1 mg<\/span><\/p><\/div><\/div><\/div><div class=\"row\"><div class=\"col-12\"><div class=\"rich-text\"><h4><span style=\"color: #000000;\">ADITIVOS TECNOL\u00d3GICOS<\/span><\/h4><p><span style=\"color: #000000;\">1m558i bentonita 20 g, antioxidantes<\/span><\/p><\/div><\/div><\/div>\t\t\t\t\t\t\t\t<\/div>\n\t\t\t\t<\/div>\n\t\t\t\t\t<\/div>\n\t\t<\/div>\n\t\t\t\t<div class=\"elementor-column elementor-col-50 elementor-inner-column elementor-element elementor-element-1b73b1dd\" data-id=\"1b73b1dd\" data-element_type=\"column\">\n\t\t\t<div class=\"elementor-widget-wrap elementor-element-populated\">\n\t\t\t\t\t\t<div class=\"elementor-element elementor-element-71ffdf4a elementor-widget elementor-widget-text-editor\" data-id=\"71ffdf4a\" data-element_type=\"widget\" data-widget_type=\"text-editor.default\">\n\t\t\t\t<div class=\"elementor-widget-container\">\n\t\t\t\t\t\t\t\t\t<h6><span style=\"font-size: 1.5em; font-weight: bold;\">DISPONIBLE EN<\/span><\/h6><div class=\"rich-text\"><ul><li>700g\u00a0<\/li><li>3kg\u00a0<\/li><\/ul><h3><span style=\"color: #000000;\">INSTRUCCIONES DE USO<\/span><\/h3><p><span style=\"color: #000000;\"> <span style=\"font-size: 16px; font-style: normal; font-weight: 400;\">Mezclar <\/span>el polvo con agua. Refresca<span style=\"font-size: 16px;\">r diariamente; cuando haga calor en el exterior, refrescar dos veces al d\u00eda.<\/span><\/span><\/p><\/div>\t\t\t\t\t\t\t\t<\/div>\n\t\t\t\t<\/div>\n\t\t\t\t\t<\/div>\n\t\t<\/div>\n\t\t\t\t\t<\/div>\n\t\t<\/section>\n\t\t\t\t\t<\/div>\n\t\t<\/div>\n\t\t\t\t\t<\/div>\n\t\t<\/section>\n\t\t\t\t<\/div>\n\t\t","protected":false},"excerpt":{"rendered":"<p>LORI PRECIO 700g &#8211; 13\u20ac 3 kg &#8211; 34.20\u20ac \u00a0 \u00a0 Alimento completo para loris y loriquitos Alimento completo y equilibrado, por analog\u00eda con el n\u00e9ctar y el polen de las flores. Alto valor nutritivo y muy buena ingesti\u00f3n. Forma una soluci\u00f3n estable, en la que el polvo no se deposita. Recomendado por los veterinarios [&hellip;]<\/p>\n","protected":false},"author":1,"featured_media":0,"parent":0,"menu_order":0,"comment_status":"closed","ping_status":"closed","template":"","meta":{"site-sidebar-layout":"no-sidebar","site-content-layout":"page-builder","ast-site-content-layout":"full-width-container","site-content-style":"default","site-sidebar-style":"default","ast-global-header-display":"","ast-banner-title-visibility":"","ast-main-header-display":"","ast-hfb-above-header-display":"","ast-hfb-below-header-display":"","ast-hfb-mobile-header-display":"","site-post-title":"disabled","ast-breadcrumbs-content":"","ast-featured-img":"disabled","footer-sml-layout":"","theme-transparent-header-meta":"","adv-header-id-meta":"","stick-header-meta":"","header-above-stick-meta":"","header-main-stick-meta":"","header-below-stick-meta":"","astra-migrate-meta-layouts":"set","ast-page-background-enabled":"default","ast-page-background-meta":{"desktop":{"background-color":"var(--ast-global-color-4)","background-image":"","background-repeat":"repeat","background-position":"center center","background-size":"auto","background-attachment":"scroll","background-type":"","background-media":"","overlay-type":"","overlay-color":"","overlay-gradient":""},"tablet":{"background-color":"","background-image":"","background-repeat":"repeat","background-position":"center center","background-size":"auto","background-attachment":"scroll","background-type":"","background-media":"","overlay-type":"","overlay-color":"","overlay-gradient":""},"mobile":{"background-color":"","background-image":"","background-repeat":"repeat","background-position":"center center","background-size":"auto","background-attachment":"scroll","background-type":"","background-media":"","overlay-type":"","overlay-color":"","overlay-gradient":""}},"ast-content-background-meta":{"desktop":{"background-color":"var(--ast-global-color-5)","background-image":"","background-repeat":"repeat","background-position":"center center","background-size":"auto","background-attachment":"scroll","background-type":"","background-media":"","overlay-type":"","overlay-color":"","overlay-gradient":""},"tablet":{"background-color":"var(--ast-global-color-5)","background-image":"","background-repeat":"repeat","background-position":"center center","background-size":"auto","background-attachment":"scroll","background-type":"","background-media":"","overlay-type":"","overlay-color":"","overlay-gradient":""},"mobile":{"background-color":"var(--ast-global-color-5)","background-image":"","background-repeat":"repeat","background-position":"center center","background-size":"auto","background-attachment":"scroll","background-type":"","background-media":"","overlay-type":"","overlay-color":"","overlay-gradient":""}},"_joinchat":[],"footnotes":""},"class_list":["post-968","page","type-page","status-publish","hentry"],"_links":{"self":[{"href":"https:\/\/acecordoba.com\/index.php?rest_route=\/wp\/v2\/pages\/968","targetHints":{"allow":["GET"]}}],"collection":[{"href":"https:\/\/acecordoba.com\/index.php?rest_route=\/wp\/v2\/pages"}],"about":[{"href":"https:\/\/acecordoba.com\/index.php?rest_route=\/wp\/v2\/types\/page"}],"author":[{"embeddable":true,"href":"https:\/\/acecordoba.com\/index.php?rest_route=\/wp\/v2\/users\/1"}],"replies":[{"embeddable":true,"href":"https:\/\/acecordoba.com\/index.php?rest_route=%2Fwp%2Fv2%2Fcomments&post=968"}],"version-history":[{"count":5,"href":"https:\/\/acecordoba.com\/index.php?rest_route=\/wp\/v2\/pages\/968\/revisions"}],"predecessor-version":[{"id":974,"href":"https:\/\/acecordoba.com\/index.php?rest_route=\/wp\/v2\/pages\/968\/revisions\/974"}],"wp:attachment":[{"href":"https:\/\/acecordoba.com\/index.php?rest_route=%2Fwp%2Fv2%2Fmedia&parent=968"}],"curies":[{"name":"wp","href":"https:\/\/api.w.org\/{rel}","templated":true}]}}